{"id":107,"date":"2021-08-30T09:38:27","date_gmt":"2021-11-05T11:18:01","guid":{"rendered":"https:\/\/bommaflora.be\/produit\/assortment-of-pralines\/"},"modified":"2024-02-13T14:05:25","modified_gmt":"2024-02-13T14:05:25","slug":"assortment-of-pralines","status":"publish","type":"product","link":"https:\/\/bommaflora.be\/en\/produit\/assortment-of-pralines\/","title":{"rendered":"Assortment of pralines"},"content":{"rendered":"<p>An assortment of pralines combining ganaches, pralines and caramel, with recipes featuring well-known plants such as peppermint, tarragon, raspberries, sea buckthorn berries and pears, as well as more secret varieties such as sweet clover, medlars and lemon balm.<\/p>\n<p>The varieties are as follows:<\/p>\n<p>Caramel<br \/>\nDenise | Hazelnut Praline and Sea Buckthorn Caramel<br \/>\nJuliette | Caramel with caraway and medlar jelly<br \/>\nMarcel | Pumpkin seed pralin\u00e9 and pepper caramel<br \/>\nPalmyre | Salted Butter Caramel and Hazelnut Praline<\/p>\n<p>Ganache<br \/>\nEstelle | Peppermint Ganache with Puffed Amaranth<br \/>\nIr\u00e8ne | Lemon balm ganache<br \/>\nIsidore | Dark chocolate ganache<br \/>\nJean | Sweet Clover Ganache<br \/>\nL\u00e9on | Tarragon Ganache<br \/>\nLydie | Cranberry Caramel Ganache<br \/>\nSimone | Elderflower Ganache<br \/>\nZ\u00e9lie | Raspberry Praline Ganache<\/p>\n<p>Pralin\u00e9<br \/>\nAntoine | Almond Pralin\u00e9 with Coriander and Morello Cherry Jelly<br \/>\nBernard | Walnut pralin\u00e9 and pear jelly with star anise<br \/>\nElsa | Honey Praline Cream<br \/>\nFernand | Pumpkin seed pralin\u00e9<br \/>\nIsabelle | Almond and black sesame pralin\u00e9<br \/>\nJeanne | Almond and marzipan pralin\u00e9<br \/>\nMariette | Almond pralin\u00e9 with raspberry jelly<br \/>\nMichel | Almond Pralin\u00e9<br \/>\nNicole | Hazelnut Pralin\u00e9 with Lavender<br \/>\nPaula | Gianduja<\/p>\n<p>Ingredients: dark chocolate*, <strong>milk<\/strong> chocolate*, sugar*, <strong>cr\u00e8me fra\u00eeche<\/strong>*, <strong>almonds<\/strong>*, <strong>hazelnuts<\/strong>*, <strong>butter<\/strong>*, glucose*, sour cherries*, raspberries*, cocoa butter*, pears*, <strong>walnuts<\/strong>*, sea buckthorn berries*, medlars*, lavender seeds*.<\/p>\n<div id=\"ConnectiveDocSignExtentionInstalled\" data-extension-version=\"1.0.4\"><\/div>\n","protected":false},"excerpt":{"rendered":"<p>An assortment of pralines combining ganaches, pralines and caramel, with recipes featuring well-known plants such as peppermint, tarragon, raspberries, sea buckthorn berries and pears, as well as more secret varieties such as sweet clover, medlars and lemon balm.<\/p>\n<div id=\"ConnectiveDocSignExtentionInstalled\" data-extension-version=\"1.0.4\"><\/div>\n","protected":false},"author":1,"featured_media":1531,"template":"","meta":{"_acf_changed":false,"advgb_blocks_editor_width":"","advgb_blocks_columns_visual_guide":""},"product_brand":[],"product_cat":[44],"product_tag":[],"class_list":{"0":"post-107","1":"product","2":"type-product","3":"status-publish","4":"has-post-thumbnail","6":"product_cat-pralines-en","8":"first","9":"instock","10":"shipping-taxable","11":"purchasable","12":"product-type-variable","13":"has-default-attributes"},"acf":[],"yoast_head":"<!-- This site is optimized with the Yoast SEO plugin v27.2 - https:\/\/yoast.com\/product\/yoast-seo-wordpress\/ -->\n<title>Assortment of pralines - Bomma Flora - Artisanal chocolate<\/title>\n<meta name=\"description\" content=\"An assortment of 11 pralines mixing ganaches, pralines, caramel inviting in their recipes common and known plants such as peppermint, tarragon, raspberries, pears and other more secret ones such as sea buckthorn berries.\" \/>\n<meta name=\"robots\" content=\"index, follow, max-snippet:-1, max-image-preview:large, max-video-preview:-1\" \/>\n<link rel=\"canonical\" href=\"https:\/\/bommaflora.be\/en\/produit\/assortment-of-pralines\/\" \/>\n<meta property=\"og:locale\" content=\"en_US\" \/>\n<meta property=\"og:type\" content=\"article\" \/>\n<meta property=\"og:title\" content=\"Assortment of pralines - Bomma Flora - Artisanal chocolate\" \/>\n<meta property=\"og:description\" content=\"An assortment of 11 pralines mixing ganaches, pralines, caramel inviting in their recipes common and known plants such as peppermint, tarragon, raspberries, pears and other more secret ones such as sea buckthorn berries.\" \/>\n<meta property=\"og:url\" content=\"https:\/\/bommaflora.be\/en\/produit\/assortment-of-pralines\/\" \/>\n<meta property=\"og:site_name\" content=\"Bomma Flora - Artisanal chocolate\" \/>\n<meta property=\"article:publisher\" content=\"https:\/\/www.facebook.com\/ChocolatBommaFlora\" \/>\n<meta property=\"article:modified_time\" content=\"2024-02-13T14:05:25+00:00\" \/>\n<meta property=\"og:image\" content=\"https:\/\/bommaflora.be\/wp-content\/uploads\/2023\/12\/ballotins.jpg\" \/>\n\t<meta property=\"og:image:width\" content=\"1130\" \/>\n\t<meta property=\"og:image:height\" content=\"750\" \/>\n\t<meta property=\"og:image:type\" content=\"image\/jpeg\" \/>\n<meta name=\"twitter:card\" content=\"summary_large_image\" \/>\n<meta name=\"twitter:description\" content=\"Un ballotin constitu\u00e9 d&#039;un assortiment de 6 pralines m\u00ealant ganaches, pralin\u00e9s, caramel invitant dans leurs recettes des plantes communes et connues telles la menthe poivr\u00e9e, les framboises, les poires et d&#039;autres plus secr\u00e8tes telles les graines de berce commune (heracleum sphondylium) et d&#039;ang\u00e9lique (angelica archangelica).\" \/>\n<meta name=\"twitter:image\" content=\"https:\/\/bommaflora.be\/wp-content\/uploads\/2021\/08\/pra_groupe.jpg\" \/>\n<meta name=\"twitter:label1\" content=\"Est. reading time\" \/>\n\t<meta name=\"twitter:data1\" content=\"2 minutes\" \/>\n<script type=\"application\/ld+json\" class=\"yoast-schema-graph\">{\"@context\":\"https:\/\/schema.org\",\"@graph\":[{\"@type\":\"WebPage\",\"@id\":\"https:\/\/bommaflora.be\/en\/produit\/assortment-of-pralines\/\",\"url\":\"https:\/\/bommaflora.be\/en\/produit\/assortment-of-pralines\/\",\"name\":\"Assortment of pralines - Bomma Flora - Artisanal chocolate\",\"isPartOf\":{\"@id\":\"https:\/\/bommaflora.be\/en\/#website\"},\"primaryImageOfPage\":{\"@id\":\"https:\/\/bommaflora.be\/en\/produit\/assortment-of-pralines\/#primaryimage\"},\"image\":{\"@id\":\"https:\/\/bommaflora.be\/en\/produit\/assortment-of-pralines\/#primaryimage\"},\"thumbnailUrl\":\"https:\/\/bommaflora.be\/wp-content\/uploads\/2025\/09\/3-ballotins.jpg\",\"datePublished\":\"2021-11-05T11:18:01+00:00\",\"dateModified\":\"2024-02-13T14:05:25+00:00\",\"description\":\"An assortment of 11 pralines mixing ganaches, pralines, caramel inviting in their recipes common and known plants such as peppermint, tarragon, raspberries, pears and other more secret ones such as sea buckthorn berries.\",\"breadcrumb\":{\"@id\":\"https:\/\/bommaflora.be\/en\/produit\/assortment-of-pralines\/#breadcrumb\"},\"inLanguage\":\"en-US\",\"potentialAction\":[{\"@type\":\"ReadAction\",\"target\":[\"https:\/\/bommaflora.be\/en\/produit\/assortment-of-pralines\/\"]}]},{\"@type\":\"ImageObject\",\"inLanguage\":\"en-US\",\"@id\":\"https:\/\/bommaflora.be\/en\/produit\/assortment-of-pralines\/#primaryimage\",\"url\":\"https:\/\/bommaflora.be\/wp-content\/uploads\/2025\/09\/3-ballotins.jpg\",\"contentUrl\":\"https:\/\/bommaflora.be\/wp-content\/uploads\/2025\/09\/3-ballotins.jpg\",\"width\":1008,\"height\":672,\"caption\":\"3 ballotins - 125, 250 et 500g\"},{\"@type\":\"BreadcrumbList\",\"@id\":\"https:\/\/bommaflora.be\/en\/produit\/assortment-of-pralines\/#breadcrumb\",\"itemListElement\":[{\"@type\":\"ListItem\",\"position\":1,\"name\":\"Accueil\",\"item\":\"https:\/\/bommaflora.be\/en\/\"},{\"@type\":\"ListItem\",\"position\":2,\"name\":\"Shop\",\"item\":\"https:\/\/bommaflora.be\/en\/shop\/\"},{\"@type\":\"ListItem\",\"position\":3,\"name\":\"Assortment of pralines\"}]},{\"@type\":\"WebSite\",\"@id\":\"https:\/\/bommaflora.be\/en\/#website\",\"url\":\"https:\/\/bommaflora.be\/en\/\",\"name\":\"Bomma Flora - Artisanal chocolate\",\"description\":\"Fabrication artisanale de chocolat et de pralines aux plantes de nos contr\u00e9es\",\"publisher\":{\"@id\":\"https:\/\/bommaflora.be\/en\/#organization\"},\"potentialAction\":[{\"@type\":\"SearchAction\",\"target\":{\"@type\":\"EntryPoint\",\"urlTemplate\":\"https:\/\/bommaflora.be\/en\/?s={search_term_string}\"},\"query-input\":{\"@type\":\"PropertyValueSpecification\",\"valueRequired\":true,\"valueName\":\"search_term_string\"}}],\"inLanguage\":\"en-US\"},{\"@type\":\"Organization\",\"@id\":\"https:\/\/bommaflora.be\/en\/#organization\",\"name\":\"Bomma Flora\",\"url\":\"https:\/\/bommaflora.be\/en\/\",\"logo\":{\"@type\":\"ImageObject\",\"inLanguage\":\"en-US\",\"@id\":\"https:\/\/bommaflora.be\/en\/#\/schema\/logo\/image\/\",\"url\":\"https:\/\/bommaflora.be\/wp-content\/uploads\/2022\/01\/logo-bommaflora-vertical-banner.svg\",\"contentUrl\":\"https:\/\/bommaflora.be\/wp-content\/uploads\/2022\/01\/logo-bommaflora-vertical-banner.svg\",\"width\":1,\"height\":1,\"caption\":\"Bomma Flora\"},\"image\":{\"@id\":\"https:\/\/bommaflora.be\/en\/#\/schema\/logo\/image\/\"},\"sameAs\":[\"https:\/\/www.facebook.com\/ChocolatBommaFlora\",\"https:\/\/www.instagram.com\/bommaflora\/\"]}]}<\/script>\n<!-- \/ Yoast SEO plugin. -->","yoast_head_json":{"title":"Assortment of pralines - Bomma Flora - Artisanal chocolate","description":"An assortment of 11 pralines mixing ganaches, pralines, caramel inviting in their recipes common and known plants such as peppermint, tarragon, raspberries, pears and other more secret ones such as sea buckthorn berries.","robots":{"index":"index","follow":"follow","max-snippet":"max-snippet:-1","max-image-preview":"max-image-preview:large","max-video-preview":"max-video-preview:-1"},"canonical":"https:\/\/bommaflora.be\/en\/produit\/assortment-of-pralines\/","og_locale":"en_US","og_type":"article","og_title":"Assortment of pralines - Bomma Flora - Artisanal chocolate","og_description":"An assortment of 11 pralines mixing ganaches, pralines, caramel inviting in their recipes common and known plants such as peppermint, tarragon, raspberries, pears and other more secret ones such as sea buckthorn berries.","og_url":"https:\/\/bommaflora.be\/en\/produit\/assortment-of-pralines\/","og_site_name":"Bomma Flora - Artisanal chocolate","article_publisher":"https:\/\/www.facebook.com\/ChocolatBommaFlora","article_modified_time":"2024-02-13T14:05:25+00:00","og_image":[{"width":1130,"height":750,"url":"https:\/\/bommaflora.be\/wp-content\/uploads\/2023\/12\/ballotins.jpg","type":"image\/jpeg"}],"twitter_card":"summary_large_image","twitter_description":"Un ballotin constitu\u00e9 d'un assortiment de 6 pralines m\u00ealant ganaches, pralin\u00e9s, caramel invitant dans leurs recettes des plantes communes et connues telles la menthe poivr\u00e9e, les framboises, les poires et d'autres plus secr\u00e8tes telles les graines de berce commune (heracleum sphondylium) et d'ang\u00e9lique (angelica archangelica).","twitter_image":"https:\/\/bommaflora.be\/wp-content\/uploads\/2021\/08\/pra_groupe.jpg","twitter_misc":{"Est. reading time":"2 minutes"},"schema":{"@context":"https:\/\/schema.org","@graph":[{"@type":"WebPage","@id":"https:\/\/bommaflora.be\/en\/produit\/assortment-of-pralines\/","url":"https:\/\/bommaflora.be\/en\/produit\/assortment-of-pralines\/","name":"Assortment of pralines - Bomma Flora - Artisanal chocolate","isPartOf":{"@id":"https:\/\/bommaflora.be\/en\/#website"},"primaryImageOfPage":{"@id":"https:\/\/bommaflora.be\/en\/produit\/assortment-of-pralines\/#primaryimage"},"image":{"@id":"https:\/\/bommaflora.be\/en\/produit\/assortment-of-pralines\/#primaryimage"},"thumbnailUrl":"https:\/\/bommaflora.be\/wp-content\/uploads\/2025\/09\/3-ballotins.jpg","datePublished":"2021-11-05T11:18:01+00:00","dateModified":"2024-02-13T14:05:25+00:00","description":"An assortment of 11 pralines mixing ganaches, pralines, caramel inviting in their recipes common and known plants such as peppermint, tarragon, raspberries, pears and other more secret ones such as sea buckthorn berries.","breadcrumb":{"@id":"https:\/\/bommaflora.be\/en\/produit\/assortment-of-pralines\/#breadcrumb"},"inLanguage":"en-US","potentialAction":[{"@type":"ReadAction","target":["https:\/\/bommaflora.be\/en\/produit\/assortment-of-pralines\/"]}]},{"@type":"ImageObject","inLanguage":"en-US","@id":"https:\/\/bommaflora.be\/en\/produit\/assortment-of-pralines\/#primaryimage","url":"https:\/\/bommaflora.be\/wp-content\/uploads\/2025\/09\/3-ballotins.jpg","contentUrl":"https:\/\/bommaflora.be\/wp-content\/uploads\/2025\/09\/3-ballotins.jpg","width":1008,"height":672,"caption":"3 ballotins - 125, 250 et 500g"},{"@type":"BreadcrumbList","@id":"https:\/\/bommaflora.be\/en\/produit\/assortment-of-pralines\/#breadcrumb","itemListElement":[{"@type":"ListItem","position":1,"name":"Accueil","item":"https:\/\/bommaflora.be\/en\/"},{"@type":"ListItem","position":2,"name":"Shop","item":"https:\/\/bommaflora.be\/en\/shop\/"},{"@type":"ListItem","position":3,"name":"Assortment of pralines"}]},{"@type":"WebSite","@id":"https:\/\/bommaflora.be\/en\/#website","url":"https:\/\/bommaflora.be\/en\/","name":"Bomma Flora - Artisanal chocolate","description":"Fabrication artisanale de chocolat et de pralines aux plantes de nos contr\u00e9es","publisher":{"@id":"https:\/\/bommaflora.be\/en\/#organization"},"potentialAction":[{"@type":"SearchAction","target":{"@type":"EntryPoint","urlTemplate":"https:\/\/bommaflora.be\/en\/?s={search_term_string}"},"query-input":{"@type":"PropertyValueSpecification","valueRequired":true,"valueName":"search_term_string"}}],"inLanguage":"en-US"},{"@type":"Organization","@id":"https:\/\/bommaflora.be\/en\/#organization","name":"Bomma Flora","url":"https:\/\/bommaflora.be\/en\/","logo":{"@type":"ImageObject","inLanguage":"en-US","@id":"https:\/\/bommaflora.be\/en\/#\/schema\/logo\/image\/","url":"https:\/\/bommaflora.be\/wp-content\/uploads\/2022\/01\/logo-bommaflora-vertical-banner.svg","contentUrl":"https:\/\/bommaflora.be\/wp-content\/uploads\/2022\/01\/logo-bommaflora-vertical-banner.svg","width":1,"height":1,"caption":"Bomma Flora"},"image":{"@id":"https:\/\/bommaflora.be\/en\/#\/schema\/logo\/image\/"},"sameAs":["https:\/\/www.facebook.com\/ChocolatBommaFlora","https:\/\/www.instagram.com\/bommaflora\/"]}]}},"featured_img":"https:\/\/bommaflora.be\/wp-content\/uploads\/2025\/09\/3-ballotins.jpg","coauthors":[],"author_meta":{"author_link":"https:\/\/bommaflora.be\/en\/author\/admin\/","display_name":"admin"},"relative_dates":{"created":"Posted 5 years ago","modified":"Updated 2 years ago"},"absolute_dates":{"created":"Posted on August 30, 2021","modified":"Updated on February 13, 2024"},"absolute_dates_time":{"created":"Posted on August 30, 2021 9:38 am","modified":"Updated on February 13, 2024 2:05 pm"},"featured_img_caption":"3 ballotins - 125, 250 et 500g","tax_additional":{"product_brand":{"linked":[],"unlinked":[],"slug":"product_brand","name":"Brands"},"product_type":{"linked":["<a href=\"https:\/\/bommaflora.be\/en\/?taxonomy=product_type&#038;term=variable\" class=\"advgb-post-tax-term\">variable<\/a>"],"unlinked":["<span class=\"advgb-post-tax-term\">variable<\/span>"],"slug":"product_type","name":"Product type"},"product_visibility":{"linked":[],"unlinked":[],"slug":"product_visibility","name":"Product visibility"},"product_cat":{"linked":["<a href=\"https:\/\/bommaflora.be\/en\/categorie-produit\/pralines-en\/\" class=\"advgb-post-tax-term\">Pralines<\/a>"],"unlinked":["<span class=\"advgb-post-tax-term\">Pralines<\/span>"],"slug":"product_cat","name":"Product categories"},"product_tag":{"linked":[],"unlinked":[],"slug":"product_tag","name":"Product tags"},"product_shipping_class":{"linked":[],"unlinked":[],"slug":"product_shipping_class","name":"Product shipping classes"},"pos_product_visibility":{"linked":[],"unlinked":[],"slug":"pos_product_visibility","name":"POS Product visibility"},"pa_allergenes":{"linked":["<a href=\"https:\/\/bommaflora.be\/en\/?taxonomy=pa_allergenes&#038;term=contains-lactose\" class=\"advgb-post-tax-term\">Contains lactose<\/a>","<a href=\"https:\/\/bommaflora.be\/en\/?taxonomy=pa_allergenes&#038;term=contains-nuts\" class=\"advgb-post-tax-term\">Contains nuts<\/a>","<a href=\"https:\/\/bommaflora.be\/en\/?taxonomy=pa_allergenes&#038;term=gluten-free\" class=\"advgb-post-tax-term\">Gluten free<\/a>"],"unlinked":["<span class=\"advgb-post-tax-term\">Contains lactose<\/span>","<span class=\"advgb-post-tax-term\">Contains nuts<\/span>","<span class=\"advgb-post-tax-term\">Gluten free<\/span>"],"slug":"pa_allergenes","name":"Product Allerg\u00e8nes"},"pa_conditionnement":{"linked":["<a href=\"https:\/\/bommaflora.be\/nl\/?taxonomy=pa_conditionnement&#038;term=125g\" class=\"advgb-post-tax-term\">Ballotin 18p<\/a>","<a href=\"https:\/\/bommaflora.be\/en\/?taxonomy=pa_conditionnement&#038;term=250g-ballotin\" class=\"advgb-post-tax-term\">Ballotin 36p<\/a>","<a href=\"https:\/\/bommaflora.be\/en\/?taxonomy=pa_conditionnement&#038;term=ballotin72p\" class=\"advgb-post-tax-term\">Ballotin 72p<\/a>","<a href=\"https:\/\/bommaflora.be\/en\/?taxonomy=pa_conditionnement&#038;term=storage_pralines\" class=\"advgb-post-tax-term\">Store in a dry, cool (18-20 \u00b0 C) place protected from light. Avoid storage in the refrigerator<\/a>"],"unlinked":["<span class=\"advgb-post-tax-term\">Ballotin 18p<\/span>","<span class=\"advgb-post-tax-term\">Ballotin 36p<\/span>","<span class=\"advgb-post-tax-term\">Ballotin 72p<\/span>","<span class=\"advgb-post-tax-term\">Store in a dry, cool (18-20 \u00b0 C) place protected from light. Avoid storage in the refrigerator<\/span>"],"slug":"pa_conditionnement","name":"Product Conditionnement"},"translation_priority":{"linked":["<a href=\"https:\/\/bommaflora.be\/en\/?taxonomy=translation_priority&#038;term=optional\" class=\"advgb-post-tax-term\">Optional<\/a>"],"unlinked":["<span class=\"advgb-post-tax-term\">Optional<\/span>"],"slug":"translation_priority","name":"Translation Priorities"}},"series_order":"","_links":{"self":[{"href":"https:\/\/bommaflora.be\/en\/wp-json\/wp\/v2\/product\/107","targetHints":{"allow":["GET"]}}],"collection":[{"href":"https:\/\/bommaflora.be\/en\/wp-json\/wp\/v2\/product"}],"about":[{"href":"https:\/\/bommaflora.be\/en\/wp-json\/wp\/v2\/types\/product"}],"wp:featuredmedia":[{"embeddable":true,"href":"https:\/\/bommaflora.be\/en\/wp-json\/wp\/v2\/media\/1531"}],"wp:attachment":[{"href":"https:\/\/bommaflora.be\/en\/wp-json\/wp\/v2\/media?parent=107"}],"wp:term":[{"taxonomy":"product_brand","embeddable":true,"href":"https:\/\/bommaflora.be\/en\/wp-json\/wp\/v2\/product_brand?post=107"},{"taxonomy":"product_cat","embeddable":true,"href":"https:\/\/bommaflora.be\/en\/wp-json\/wp\/v2\/product_cat?post=107"},{"taxonomy":"product_tag","embeddable":true,"href":"https:\/\/bommaflora.be\/en\/wp-json\/wp\/v2\/product_tag?post=107"}],"curies":[{"name":"wp","href":"https:\/\/api.w.org\/{rel}","templated":true}]}}