{"id":1244,"date":"2023-08-30T20:39:56","date_gmt":"2023-08-30T20:39:56","guid":{"rendered":"https:\/\/bommaflora.be\/?post_type=product&#038;p=1244"},"modified":"2023-08-30T21:09:38","modified_gmt":"2023-08-30T21:09:38","slug":"blonde_chocolate_with_almond_and_toasted_buckwheat","status":"publish","type":"product","link":"https:\/\/bommaflora.be\/en\/produit\/blonde_chocolate_with_almond_and_toasted_buckwheat\/","title":{"rendered":"Blonde chocolate with almond and toasted buckwheat"},"content":{"rendered":"<p>Blond chocolate is the cousin of white chocolate, at least in terms of its ingredients: natural cocoa butter from Central America, sugar and milk powder. The big difference is that the milk powder is roasted, which gives the the chocolate its beautiful golden colour and, once in the mouth a creamy blend of biscuity notes and caramelised milk. This milky caramel flavour is much sweeter and more pleasant than caramel made from sugar. Inclusions of buckwheat and almonds add a welcome hint of dried fruit. Like they are each on a single tablet, you can combine them as you wish &#8230; or not.<\/p>\n<p>Ingredients : cacao butter, <strong>milk<\/strong> powder, sugar, <strong>almonds<\/strong>, toasted buckwheat<\/p>\n<div id=\"ConnectiveDocSignExtentionInstalled\" data-extension-version=\"1.0.4\"><\/div>\n","protected":false},"excerpt":{"rendered":"<p>Blond chocolate is a white chocolate in which the milk powder is roasted, which gives the chocolate its beautiful golden colour and, once in the mouth a creamy blend of biscuity notes and caramelised milk. inclusions of buckwheat and roasted almonds add a welcome note of note of dried fruit.<\/p>\n<div id=\"ConnectiveDocSignExtentionInstalled\" data-extension-version=\"1.0.4\"><\/div>\n","protected":false},"author":2,"featured_media":1220,"template":"","meta":{"_acf_changed":false,"advgb_blocks_editor_width":"","advgb_blocks_columns_visual_guide":""},"product_brand":[],"product_cat":[71],"product_tag":[],"class_list":{"0":"post-1244","1":"product","2":"type-product","3":"status-publish","4":"has-post-thumbnail","6":"product_cat-tablettes-en","8":"first","9":"outofstock","10":"shipping-taxable","11":"purchasable","12":"product-type-simple"},"acf":[],"yoast_head":"<!-- This site is optimized with the Yoast SEO plugin v27.2 - https:\/\/yoast.com\/product\/yoast-seo-wordpress\/ -->\n<title>Blonde chocolate with almond and toasted buckwheat - Bomma Flora - Artisanal chocolate<\/title>\n<meta name=\"description\" content=\"Blond chocolate offers a creamy blend of biscuity notes and caramelised caramelised milk, complemented by buckwheat and toasted almond inclusions.\" \/>\n<meta name=\"robots\" content=\"index, follow, max-snippet:-1, max-image-preview:large, max-video-preview:-1\" \/>\n<link rel=\"canonical\" href=\"https:\/\/bommaflora.be\/en\/produit\/blonde_chocolate_with_almond_and_toasted_buckwheat\/\" \/>\n<meta property=\"og:locale\" content=\"en_US\" \/>\n<meta property=\"og:type\" content=\"article\" \/>\n<meta property=\"og:title\" content=\"Blonde chocolate with almond and toasted buckwheat - Bomma Flora - Artisanal chocolate\" \/>\n<meta property=\"og:description\" content=\"Blond chocolate offers a creamy blend of biscuity notes and caramelised caramelised milk, complemented by buckwheat and toasted almond inclusions.\" \/>\n<meta property=\"og:url\" content=\"https:\/\/bommaflora.be\/en\/produit\/blonde_chocolate_with_almond_and_toasted_buckwheat\/\" \/>\n<meta property=\"og:site_name\" content=\"Bomma Flora - Artisanal chocolate\" \/>\n<meta property=\"article:publisher\" content=\"https:\/\/www.facebook.com\/ChocolatBommaFlora\" \/>\n<meta property=\"article:modified_time\" content=\"2023-08-30T21:09:38+00:00\" \/>\n<meta property=\"og:image\" content=\"https:\/\/bommaflora.be\/wp-content\/uploads\/2023\/08\/blond-1.png\" \/>\n\t<meta property=\"og:image:width\" content=\"1360\" \/>\n\t<meta property=\"og:image:height\" content=\"1100\" \/>\n\t<meta property=\"og:image:type\" content=\"image\/png\" \/>\n<meta name=\"twitter:card\" content=\"summary_large_image\" \/>\n<meta name=\"twitter:label1\" content=\"Est. reading time\" \/>\n\t<meta name=\"twitter:data1\" content=\"1 minute\" \/>\n<script type=\"application\/ld+json\" class=\"yoast-schema-graph\">{\"@context\":\"https:\/\/schema.org\",\"@graph\":[{\"@type\":\"WebPage\",\"@id\":\"https:\/\/bommaflora.be\/en\/produit\/blonde_chocolate_with_almond_and_toasted_buckwheat\/\",\"url\":\"https:\/\/bommaflora.be\/en\/produit\/blonde_chocolate_with_almond_and_toasted_buckwheat\/\",\"name\":\"Blonde chocolate with almond and toasted buckwheat - Bomma Flora - Artisanal chocolate\",\"isPartOf\":{\"@id\":\"https:\/\/bommaflora.be\/en\/#website\"},\"primaryImageOfPage\":{\"@id\":\"https:\/\/bommaflora.be\/en\/produit\/blonde_chocolate_with_almond_and_toasted_buckwheat\/#primaryimage\"},\"image\":{\"@id\":\"https:\/\/bommaflora.be\/en\/produit\/blonde_chocolate_with_almond_and_toasted_buckwheat\/#primaryimage\"},\"thumbnailUrl\":\"https:\/\/bommaflora.be\/wp-content\/uploads\/2023\/08\/blond-1.png\",\"datePublished\":\"2023-08-30T20:39:56+00:00\",\"dateModified\":\"2023-08-30T21:09:38+00:00\",\"description\":\"Blond chocolate offers a creamy blend of biscuity notes and caramelised caramelised milk, complemented by buckwheat and toasted almond inclusions.\",\"breadcrumb\":{\"@id\":\"https:\/\/bommaflora.be\/en\/produit\/blonde_chocolate_with_almond_and_toasted_buckwheat\/#breadcrumb\"},\"inLanguage\":\"en-US\",\"potentialAction\":[{\"@type\":\"ReadAction\",\"target\":[\"https:\/\/bommaflora.be\/en\/produit\/blonde_chocolate_with_almond_and_toasted_buckwheat\/\"]}]},{\"@type\":\"ImageObject\",\"inLanguage\":\"en-US\",\"@id\":\"https:\/\/bommaflora.be\/en\/produit\/blonde_chocolate_with_almond_and_toasted_buckwheat\/#primaryimage\",\"url\":\"https:\/\/bommaflora.be\/wp-content\/uploads\/2023\/08\/blond-1.png\",\"contentUrl\":\"https:\/\/bommaflora.be\/wp-content\/uploads\/2023\/08\/blond-1.png\",\"width\":1360,\"height\":1100,\"caption\":\"Le chocolat blond offre un onctueux m\u00e9lange de notes biscuit\u00e9es et de lait caram\u00e9lis\u00e9, compl\u00e9t\u00e9 par des inclusions de sarrasin et d'amandes grill\u00e9es.\"},{\"@type\":\"BreadcrumbList\",\"@id\":\"https:\/\/bommaflora.be\/en\/produit\/blonde_chocolate_with_almond_and_toasted_buckwheat\/#breadcrumb\",\"itemListElement\":[{\"@type\":\"ListItem\",\"position\":1,\"name\":\"Accueil\",\"item\":\"https:\/\/bommaflora.be\/en\/\"},{\"@type\":\"ListItem\",\"position\":2,\"name\":\"Shop\",\"item\":\"https:\/\/bommaflora.be\/en\/shop\/\"},{\"@type\":\"ListItem\",\"position\":3,\"name\":\"Blonde chocolate with almond and toasted buckwheat\"}]},{\"@type\":\"WebSite\",\"@id\":\"https:\/\/bommaflora.be\/en\/#website\",\"url\":\"https:\/\/bommaflora.be\/en\/\",\"name\":\"Bomma Flora - Artisanal chocolate\",\"description\":\"Fabrication artisanale de chocolat et de pralines aux plantes de nos contr\u00e9es\",\"publisher\":{\"@id\":\"https:\/\/bommaflora.be\/en\/#organization\"},\"potentialAction\":[{\"@type\":\"SearchAction\",\"target\":{\"@type\":\"EntryPoint\",\"urlTemplate\":\"https:\/\/bommaflora.be\/en\/?s={search_term_string}\"},\"query-input\":{\"@type\":\"PropertyValueSpecification\",\"valueRequired\":true,\"valueName\":\"search_term_string\"}}],\"inLanguage\":\"en-US\"},{\"@type\":\"Organization\",\"@id\":\"https:\/\/bommaflora.be\/en\/#organization\",\"name\":\"Bomma Flora\",\"url\":\"https:\/\/bommaflora.be\/en\/\",\"logo\":{\"@type\":\"ImageObject\",\"inLanguage\":\"en-US\",\"@id\":\"https:\/\/bommaflora.be\/en\/#\/schema\/logo\/image\/\",\"url\":\"https:\/\/bommaflora.be\/wp-content\/uploads\/2022\/01\/logo-bommaflora-vertical-banner.svg\",\"contentUrl\":\"https:\/\/bommaflora.be\/wp-content\/uploads\/2022\/01\/logo-bommaflora-vertical-banner.svg\",\"width\":1,\"height\":1,\"caption\":\"Bomma Flora\"},\"image\":{\"@id\":\"https:\/\/bommaflora.be\/en\/#\/schema\/logo\/image\/\"},\"sameAs\":[\"https:\/\/www.facebook.com\/ChocolatBommaFlora\",\"https:\/\/www.instagram.com\/bommaflora\/\"]}]}<\/script>\n<!-- \/ Yoast SEO plugin. -->","yoast_head_json":{"title":"Blonde chocolate with almond and toasted buckwheat - Bomma Flora - Artisanal chocolate","description":"Blond chocolate offers a creamy blend of biscuity notes and caramelised caramelised milk, complemented by buckwheat and toasted almond inclusions.","robots":{"index":"index","follow":"follow","max-snippet":"max-snippet:-1","max-image-preview":"max-image-preview:large","max-video-preview":"max-video-preview:-1"},"canonical":"https:\/\/bommaflora.be\/en\/produit\/blonde_chocolate_with_almond_and_toasted_buckwheat\/","og_locale":"en_US","og_type":"article","og_title":"Blonde chocolate with almond and toasted buckwheat - Bomma Flora - Artisanal chocolate","og_description":"Blond chocolate offers a creamy blend of biscuity notes and caramelised caramelised milk, complemented by buckwheat and toasted almond inclusions.","og_url":"https:\/\/bommaflora.be\/en\/produit\/blonde_chocolate_with_almond_and_toasted_buckwheat\/","og_site_name":"Bomma Flora - Artisanal chocolate","article_publisher":"https:\/\/www.facebook.com\/ChocolatBommaFlora","article_modified_time":"2023-08-30T21:09:38+00:00","og_image":[{"width":1360,"height":1100,"url":"https:\/\/bommaflora.be\/wp-content\/uploads\/2023\/08\/blond-1.png","type":"image\/png"}],"twitter_card":"summary_large_image","twitter_misc":{"Est. reading time":"1 minute"},"schema":{"@context":"https:\/\/schema.org","@graph":[{"@type":"WebPage","@id":"https:\/\/bommaflora.be\/en\/produit\/blonde_chocolate_with_almond_and_toasted_buckwheat\/","url":"https:\/\/bommaflora.be\/en\/produit\/blonde_chocolate_with_almond_and_toasted_buckwheat\/","name":"Blonde chocolate with almond and toasted buckwheat - Bomma Flora - Artisanal chocolate","isPartOf":{"@id":"https:\/\/bommaflora.be\/en\/#website"},"primaryImageOfPage":{"@id":"https:\/\/bommaflora.be\/en\/produit\/blonde_chocolate_with_almond_and_toasted_buckwheat\/#primaryimage"},"image":{"@id":"https:\/\/bommaflora.be\/en\/produit\/blonde_chocolate_with_almond_and_toasted_buckwheat\/#primaryimage"},"thumbnailUrl":"https:\/\/bommaflora.be\/wp-content\/uploads\/2023\/08\/blond-1.png","datePublished":"2023-08-30T20:39:56+00:00","dateModified":"2023-08-30T21:09:38+00:00","description":"Blond chocolate offers a creamy blend of biscuity notes and caramelised caramelised milk, complemented by buckwheat and toasted almond inclusions.","breadcrumb":{"@id":"https:\/\/bommaflora.be\/en\/produit\/blonde_chocolate_with_almond_and_toasted_buckwheat\/#breadcrumb"},"inLanguage":"en-US","potentialAction":[{"@type":"ReadAction","target":["https:\/\/bommaflora.be\/en\/produit\/blonde_chocolate_with_almond_and_toasted_buckwheat\/"]}]},{"@type":"ImageObject","inLanguage":"en-US","@id":"https:\/\/bommaflora.be\/en\/produit\/blonde_chocolate_with_almond_and_toasted_buckwheat\/#primaryimage","url":"https:\/\/bommaflora.be\/wp-content\/uploads\/2023\/08\/blond-1.png","contentUrl":"https:\/\/bommaflora.be\/wp-content\/uploads\/2023\/08\/blond-1.png","width":1360,"height":1100,"caption":"Le chocolat blond offre un onctueux m\u00e9lange de notes biscuit\u00e9es et de lait caram\u00e9lis\u00e9, compl\u00e9t\u00e9 par des inclusions de sarrasin et d'amandes grill\u00e9es."},{"@type":"BreadcrumbList","@id":"https:\/\/bommaflora.be\/en\/produit\/blonde_chocolate_with_almond_and_toasted_buckwheat\/#breadcrumb","itemListElement":[{"@type":"ListItem","position":1,"name":"Accueil","item":"https:\/\/bommaflora.be\/en\/"},{"@type":"ListItem","position":2,"name":"Shop","item":"https:\/\/bommaflora.be\/en\/shop\/"},{"@type":"ListItem","position":3,"name":"Blonde chocolate with almond and toasted buckwheat"}]},{"@type":"WebSite","@id":"https:\/\/bommaflora.be\/en\/#website","url":"https:\/\/bommaflora.be\/en\/","name":"Bomma Flora - Artisanal chocolate","description":"Fabrication artisanale de chocolat et de pralines aux plantes de nos contr\u00e9es","publisher":{"@id":"https:\/\/bommaflora.be\/en\/#organization"},"potentialAction":[{"@type":"SearchAction","target":{"@type":"EntryPoint","urlTemplate":"https:\/\/bommaflora.be\/en\/?s={search_term_string}"},"query-input":{"@type":"PropertyValueSpecification","valueRequired":true,"valueName":"search_term_string"}}],"inLanguage":"en-US"},{"@type":"Organization","@id":"https:\/\/bommaflora.be\/en\/#organization","name":"Bomma Flora","url":"https:\/\/bommaflora.be\/en\/","logo":{"@type":"ImageObject","inLanguage":"en-US","@id":"https:\/\/bommaflora.be\/en\/#\/schema\/logo\/image\/","url":"https:\/\/bommaflora.be\/wp-content\/uploads\/2022\/01\/logo-bommaflora-vertical-banner.svg","contentUrl":"https:\/\/bommaflora.be\/wp-content\/uploads\/2022\/01\/logo-bommaflora-vertical-banner.svg","width":1,"height":1,"caption":"Bomma Flora"},"image":{"@id":"https:\/\/bommaflora.be\/en\/#\/schema\/logo\/image\/"},"sameAs":["https:\/\/www.facebook.com\/ChocolatBommaFlora","https:\/\/www.instagram.com\/bommaflora\/"]}]}},"featured_img":"https:\/\/bommaflora.be\/wp-content\/uploads\/2023\/08\/blond-1.png","coauthors":[],"author_meta":{"author_link":"https:\/\/bommaflora.be\/en\/author\/adminbomma\/","display_name":"Alain Coppens"},"relative_dates":{"created":"Posted 3 years ago","modified":"Updated 3 years ago"},"absolute_dates":{"created":"Posted on August 30, 2023","modified":"Updated on August 30, 2023"},"absolute_dates_time":{"created":"Posted on August 30, 2023 8:39 pm","modified":"Updated on August 30, 2023 9:09 pm"},"featured_img_caption":"Le chocolat blond offre un onctueux m\u00e9lange de notes biscuit\u00e9es et de lait caram\u00e9lis\u00e9, compl\u00e9t\u00e9 par des inclusions de sarrasin et d'amandes grill\u00e9es.","tax_additional":{"product_brand":{"linked":[],"unlinked":[],"slug":"product_brand","name":"Brands"},"product_type":{"linked":["<a href=\"https:\/\/bommaflora.be\/en\/?taxonomy=product_type&#038;term=simple\" class=\"advgb-post-tax-term\">simple<\/a>"],"unlinked":["<span class=\"advgb-post-tax-term\">simple<\/span>"],"slug":"product_type","name":"Product type"},"product_visibility":{"linked":["<a href=\"https:\/\/bommaflora.be\/?taxonomy=product_visibility&#038;term=outofstock\" class=\"advgb-post-tax-term\">outofstock<\/a>"],"unlinked":["<span class=\"advgb-post-tax-term\">outofstock<\/span>"],"slug":"product_visibility","name":"Product visibility"},"product_cat":{"linked":["<a href=\"https:\/\/bommaflora.be\/en\/categorie-produit\/tablettes-en\/\" class=\"advgb-post-tax-term\">Chocolate bars<\/a>"],"unlinked":["<span class=\"advgb-post-tax-term\">Chocolate bars<\/span>"],"slug":"product_cat","name":"Product categories"},"product_tag":{"linked":[],"unlinked":[],"slug":"product_tag","name":"Product tags"},"product_shipping_class":{"linked":[],"unlinked":[],"slug":"product_shipping_class","name":"Product shipping classes"},"pos_product_visibility":{"linked":[],"unlinked":[],"slug":"pos_product_visibility","name":"POS Product visibility"},"pa_allergenes":{"linked":["<a href=\"https:\/\/bommaflora.be\/en\/?taxonomy=pa_allergenes&#038;term=contains-nuts\" class=\"advgb-post-tax-term\">Contains nuts<\/a>","<a href=\"https:\/\/bommaflora.be\/en\/?taxonomy=pa_allergenes&#038;term=gluten-free\" class=\"advgb-post-tax-term\">Gluten free<\/a>","<a href=\"https:\/\/bommaflora.be\/en\/?taxonomy=pa_allergenes&#038;term=traces-of-lactose\" class=\"advgb-post-tax-term\">May contain traces of lactose<\/a>"],"unlinked":["<span class=\"advgb-post-tax-term\">Contains nuts<\/span>","<span class=\"advgb-post-tax-term\">Gluten free<\/span>","<span class=\"advgb-post-tax-term\">May contain traces of lactose<\/span>"],"slug":"pa_allergenes","name":"Product Allerg\u00e8nes"},"pa_conditionnement":{"linked":["<a href=\"https:\/\/bommaflora.be\/en\/?taxonomy=pa_conditionnement&#038;term=70g-bar\" class=\"advgb-post-tax-term\">Two bars of 35g (Total 70g)<\/a>","<a href=\"https:\/\/bommaflora.be\/en\/?taxonomy=pa_conditionnement&#038;term=store-in-a-dry-cool-18-20-c-place-protected-from-light-avoid-storage-in-the-refrigerator\" class=\"advgb-post-tax-term\">Store in a dry, cool (18-20 \u00b0 C) place protected from light. Avoid storage in the refrigerator.<\/a>"],"unlinked":["<span class=\"advgb-post-tax-term\">Two bars of 35g (Total 70g)<\/span>","<span class=\"advgb-post-tax-term\">Store in a dry, cool (18-20 \u00b0 C) place protected from light. Avoid storage in the refrigerator.<\/span>"],"slug":"pa_conditionnement","name":"Product Conditionnement"},"translation_priority":{"linked":["<a href=\"https:\/\/bommaflora.be\/en\/?taxonomy=translation_priority&#038;term=optional\" class=\"advgb-post-tax-term\">Optional<\/a>"],"unlinked":["<span class=\"advgb-post-tax-term\">Optional<\/span>"],"slug":"translation_priority","name":"Translation Priorities"}},"series_order":"","_links":{"self":[{"href":"https:\/\/bommaflora.be\/en\/wp-json\/wp\/v2\/product\/1244","targetHints":{"allow":["GET"]}}],"collection":[{"href":"https:\/\/bommaflora.be\/en\/wp-json\/wp\/v2\/product"}],"about":[{"href":"https:\/\/bommaflora.be\/en\/wp-json\/wp\/v2\/types\/product"}],"wp:featuredmedia":[{"embeddable":true,"href":"https:\/\/bommaflora.be\/en\/wp-json\/wp\/v2\/media\/1220"}],"wp:attachment":[{"href":"https:\/\/bommaflora.be\/en\/wp-json\/wp\/v2\/media?parent=1244"}],"wp:term":[{"taxonomy":"product_brand","embeddable":true,"href":"https:\/\/bommaflora.be\/en\/wp-json\/wp\/v2\/product_brand?post=1244"},{"taxonomy":"product_cat","embeddable":true,"href":"https:\/\/bommaflora.be\/en\/wp-json\/wp\/v2\/product_cat?post=1244"},{"taxonomy":"product_tag","embeddable":true,"href":"https:\/\/bommaflora.be\/en\/wp-json\/wp\/v2\/product_tag?post=1244"}],"curies":[{"name":"wp","href":"https:\/\/api.w.org\/{rel}","templated":true}]}}