{"id":1283,"date":"2023-12-10T21:15:56","date_gmt":"2023-12-10T21:15:56","guid":{"rendered":"https:\/\/bommaflora.be\/?post_type=product&#038;p=1283"},"modified":"2026-03-26T11:41:57","modified_gmt":"2026-03-26T11:41:57","slug":"assortment-of-pralines-copie-2","status":"publish","type":"product","link":"https:\/\/bommaflora.be\/en\/produit\/assortment-of-pralines-copie-2\/","title":{"rendered":"Assortment of pralines"},"content":{"rendered":"<p>An assortment of 32 pralines combining ganaches, pralines and caramel, with recipes featuring well-known plants such as peppermint, tarragon, raspberries, sea buckthorn berries and pears, as well as more secret varieties such as sweet clover, medlars and lemon balm.<br \/>\nThe varieties are as follows:<\/p>\n<p>Caramel<br \/>\nDenise | Hazelnut Praline and Sea Buckthorn Caramel<br \/>\nJuliette | Caramel with caraway and medlar jelly<br \/>\nMarcel | Pumpkin seed pralin\u00e9 and pepper caramel<br \/>\nPalmyre | Salted Butter Caramel and Hazelnut Praline<\/p>\n<p>Ganache<br \/>\nEstelle | Peppermint Ganache with Puffed Amaranth<br \/>\nIr\u00e8ne | Lemon balm ganache<br \/>\nIsidore | Dark chocolate ganache<br \/>\nJean | Sweet Clover Ganache<br \/>\nL\u00e9on | Tarragon Ganache<br \/>\nLydie | Cranberry Caramel Ganache<br \/>\nSimone | Elderflower Ganache<br \/>\nZ\u00e9lie | Raspberry Praline Ganache<\/p>\n<p>Pralin\u00e9<br \/>\nAntoine | Almond Pralin\u00e9 with Coriander and Morello Cherry Jelly<br \/>\nBernard | Walnut pralin\u00e9 and pear jelly with star anise<br \/>\nElsa | Honey Praline Cream<br \/>\nFernand | Pumpkin seed pralin\u00e9<br \/>\nIsabelle | Almond and black sesame pralin\u00e9<br \/>\nJeanne | Almond and marzipan pralin\u00e9<br \/>\nMariette | Almond pralin\u00e9 with raspberry jelly<br \/>\nMichel | Almond Pralin\u00e9<br \/>\nNicole | Hazelnut Pralin\u00e9 with Lavender<br \/>\nPaula | Gianduja<\/p>\n<p>Ingredients : dark chocolate, <b>milk<\/b> chocolate, sugar, <b>cr\u00e8me fra\u00eeche<\/b>, <b>almonds<\/b>, <b>hazelnuts<\/b>, <b>butter<\/b>, glucose, Morello cherries, raspberries, cocoa butter, pears, <b>walnuts<\/b>, sea buckthorn berries, medlars, <b>black sesame seeds<\/b>, pumpkin seeds, peppers, cranberries, honey, pectin, elderberry, lemon balm, sweet clover, lavender, tarragon, coriander, mint, lemon, fleur de sel, star anise.<\/p>\n<div id=\"ConnectiveDocSignExtentionInstalled\" data-extension-version=\"1.0.4\"><\/div>\n","protected":false},"excerpt":{"rendered":"<p>An assortment of 32 pralines combining ganaches, pralines and caramel.<\/p>\n<div id=\"ConnectiveDocSignExtentionInstalled\" data-extension-version=\"1.0.4\"><\/div>\n","protected":false},"author":2,"featured_media":1528,"template":"","meta":{"_acf_changed":false,"advgb_blocks_editor_width":"","advgb_blocks_columns_visual_guide":""},"product_brand":[],"product_cat":[44],"product_tag":[],"class_list":{"0":"post-1283","1":"product","2":"type-product","3":"status-publish","4":"has-post-thumbnail","6":"product_cat-pralines-en","8":"first","9":"instock","10":"shipping-taxable","11":"purchasable","12":"product-type-simple"},"acf":[],"yoast_head":"<!-- This site is optimized with the Yoast SEO plugin v27.2 - https:\/\/yoast.com\/product\/yoast-seo-wordpress\/ -->\n<title>Assortment of pralines - Bomma Flora - Artisanal chocolate<\/title>\n<meta name=\"description\" content=\"An assortment of 32 pralines combining ganaches, pralines and caramel, with recipes featuring well-known plants such as peppermint, tarragon, raspberries, sea buckthorn berries and pears, as well as more secret varieties such as sweet clover, medlars and lemon balm.\" \/>\n<meta name=\"robots\" content=\"index, follow, max-snippet:-1, max-image-preview:large, max-video-preview:-1\" \/>\n<link rel=\"canonical\" href=\"https:\/\/bommaflora.be\/en\/produit\/assortment-of-pralines-copie-2\/\" \/>\n<meta property=\"og:locale\" content=\"en_US\" \/>\n<meta property=\"og:type\" content=\"article\" \/>\n<meta property=\"og:title\" content=\"Assortment of pralines - Bomma Flora - Artisanal chocolate\" \/>\n<meta property=\"og:description\" content=\"An assortment of 32 pralines combining ganaches, pralines and caramel, with recipes featuring well-known plants such as peppermint, tarragon, raspberries, sea buckthorn berries and pears, as well as more secret varieties such as sweet clover, medlars and lemon balm.\" \/>\n<meta property=\"og:url\" content=\"https:\/\/bommaflora.be\/en\/produit\/assortment-of-pralines-copie-2\/\" \/>\n<meta property=\"og:site_name\" content=\"Bomma Flora - Artisanal chocolate\" \/>\n<meta property=\"article:publisher\" content=\"https:\/\/www.facebook.com\/ChocolatBommaFlora\" \/>\n<meta property=\"article:modified_time\" content=\"2026-03-26T11:41:57+00:00\" \/>\n<meta property=\"og:image\" content=\"https:\/\/bommaflora.be\/wp-content\/uploads\/2025\/09\/Coffret32p_large.jpg\" \/>\n\t<meta property=\"og:image:width\" content=\"1200\" \/>\n\t<meta property=\"og:image:height\" content=\"800\" \/>\n\t<meta property=\"og:image:type\" content=\"image\/jpeg\" \/>\n<meta name=\"twitter:card\" content=\"summary_large_image\" \/>\n<meta name=\"twitter:description\" content=\"Un ballotin constitu\u00e9 d&#039;un assortiment de 6 pralines m\u00ealant ganaches, pralin\u00e9s, caramel invitant dans leurs recettes des plantes communes et connues telles la menthe poivr\u00e9e, les framboises, les poires et d&#039;autres plus secr\u00e8tes telles les graines de berce commune (heracleum sphondylium) et d&#039;ang\u00e9lique (angelica archangelica).\" \/>\n<meta name=\"twitter:image\" content=\"https:\/\/bommaflora.be\/wp-content\/uploads\/2021\/08\/pra_groupe.jpg\" \/>\n<meta name=\"twitter:label1\" content=\"Est. reading time\" \/>\n\t<meta name=\"twitter:data1\" content=\"2 minutes\" \/>\n<script type=\"application\/ld+json\" class=\"yoast-schema-graph\">{\"@context\":\"https:\/\/schema.org\",\"@graph\":[{\"@type\":\"WebPage\",\"@id\":\"https:\/\/bommaflora.be\/en\/produit\/assortment-of-pralines-copie-2\/\",\"url\":\"https:\/\/bommaflora.be\/en\/produit\/assortment-of-pralines-copie-2\/\",\"name\":\"Assortment of pralines - Bomma Flora - Artisanal chocolate\",\"isPartOf\":{\"@id\":\"https:\/\/bommaflora.be\/en\/#website\"},\"primaryImageOfPage\":{\"@id\":\"https:\/\/bommaflora.be\/en\/produit\/assortment-of-pralines-copie-2\/#primaryimage\"},\"image\":{\"@id\":\"https:\/\/bommaflora.be\/en\/produit\/assortment-of-pralines-copie-2\/#primaryimage\"},\"thumbnailUrl\":\"https:\/\/bommaflora.be\/wp-content\/uploads\/2025\/09\/Coffret32p_large.jpg\",\"datePublished\":\"2023-12-10T21:15:56+00:00\",\"dateModified\":\"2026-03-26T11:41:57+00:00\",\"description\":\"An assortment of 32 pralines combining ganaches, pralines and caramel, with recipes featuring well-known plants such as peppermint, tarragon, raspberries, sea buckthorn berries and pears, as well as more secret varieties such as sweet clover, medlars and lemon balm.\",\"breadcrumb\":{\"@id\":\"https:\/\/bommaflora.be\/en\/produit\/assortment-of-pralines-copie-2\/#breadcrumb\"},\"inLanguage\":\"en-US\",\"potentialAction\":[{\"@type\":\"ReadAction\",\"target\":[\"https:\/\/bommaflora.be\/en\/produit\/assortment-of-pralines-copie-2\/\"]}]},{\"@type\":\"ImageObject\",\"inLanguage\":\"en-US\",\"@id\":\"https:\/\/bommaflora.be\/en\/produit\/assortment-of-pralines-copie-2\/#primaryimage\",\"url\":\"https:\/\/bommaflora.be\/wp-content\/uploads\/2025\/09\/Coffret32p_large.jpg\",\"contentUrl\":\"https:\/\/bommaflora.be\/wp-content\/uploads\/2025\/09\/Coffret32p_large.jpg\",\"width\":1200,\"height\":800,\"caption\":\"Coffret 32 pi\u00e8ces\"},{\"@type\":\"BreadcrumbList\",\"@id\":\"https:\/\/bommaflora.be\/en\/produit\/assortment-of-pralines-copie-2\/#breadcrumb\",\"itemListElement\":[{\"@type\":\"ListItem\",\"position\":1,\"name\":\"Accueil\",\"item\":\"https:\/\/bommaflora.be\/en\/\"},{\"@type\":\"ListItem\",\"position\":2,\"name\":\"Shop\",\"item\":\"https:\/\/bommaflora.be\/en\/shop\/\"},{\"@type\":\"ListItem\",\"position\":3,\"name\":\"Assortment of pralines\"}]},{\"@type\":\"WebSite\",\"@id\":\"https:\/\/bommaflora.be\/en\/#website\",\"url\":\"https:\/\/bommaflora.be\/en\/\",\"name\":\"Bomma Flora - Artisanal chocolate\",\"description\":\"Fabrication artisanale de chocolat et de pralines aux plantes de nos contr\u00e9es\",\"publisher\":{\"@id\":\"https:\/\/bommaflora.be\/en\/#organization\"},\"potentialAction\":[{\"@type\":\"SearchAction\",\"target\":{\"@type\":\"EntryPoint\",\"urlTemplate\":\"https:\/\/bommaflora.be\/en\/?s={search_term_string}\"},\"query-input\":{\"@type\":\"PropertyValueSpecification\",\"valueRequired\":true,\"valueName\":\"search_term_string\"}}],\"inLanguage\":\"en-US\"},{\"@type\":\"Organization\",\"@id\":\"https:\/\/bommaflora.be\/en\/#organization\",\"name\":\"Bomma Flora\",\"url\":\"https:\/\/bommaflora.be\/en\/\",\"logo\":{\"@type\":\"ImageObject\",\"inLanguage\":\"en-US\",\"@id\":\"https:\/\/bommaflora.be\/en\/#\/schema\/logo\/image\/\",\"url\":\"https:\/\/bommaflora.be\/wp-content\/uploads\/2022\/01\/logo-bommaflora-vertical-banner.svg\",\"contentUrl\":\"https:\/\/bommaflora.be\/wp-content\/uploads\/2022\/01\/logo-bommaflora-vertical-banner.svg\",\"width\":1,\"height\":1,\"caption\":\"Bomma Flora\"},\"image\":{\"@id\":\"https:\/\/bommaflora.be\/en\/#\/schema\/logo\/image\/\"},\"sameAs\":[\"https:\/\/www.facebook.com\/ChocolatBommaFlora\",\"https:\/\/www.instagram.com\/bommaflora\/\"]}]}<\/script>\n<!-- \/ Yoast SEO plugin. -->","yoast_head_json":{"title":"Assortment of pralines - Bomma Flora - Artisanal chocolate","description":"An assortment of 32 pralines combining ganaches, pralines and caramel, with recipes featuring well-known plants such as peppermint, tarragon, raspberries, sea buckthorn berries and pears, as well as more secret varieties such as sweet clover, medlars and lemon balm.","robots":{"index":"index","follow":"follow","max-snippet":"max-snippet:-1","max-image-preview":"max-image-preview:large","max-video-preview":"max-video-preview:-1"},"canonical":"https:\/\/bommaflora.be\/en\/produit\/assortment-of-pralines-copie-2\/","og_locale":"en_US","og_type":"article","og_title":"Assortment of pralines - Bomma Flora - Artisanal chocolate","og_description":"An assortment of 32 pralines combining ganaches, pralines and caramel, with recipes featuring well-known plants such as peppermint, tarragon, raspberries, sea buckthorn berries and pears, as well as more secret varieties such as sweet clover, medlars and lemon balm.","og_url":"https:\/\/bommaflora.be\/en\/produit\/assortment-of-pralines-copie-2\/","og_site_name":"Bomma Flora - Artisanal chocolate","article_publisher":"https:\/\/www.facebook.com\/ChocolatBommaFlora","article_modified_time":"2026-03-26T11:41:57+00:00","og_image":[{"width":1200,"height":800,"url":"https:\/\/bommaflora.be\/wp-content\/uploads\/2025\/09\/Coffret32p_large.jpg","type":"image\/jpeg"}],"twitter_card":"summary_large_image","twitter_description":"Un ballotin constitu\u00e9 d'un assortiment de 6 pralines m\u00ealant ganaches, pralin\u00e9s, caramel invitant dans leurs recettes des plantes communes et connues telles la menthe poivr\u00e9e, les framboises, les poires et d'autres plus secr\u00e8tes telles les graines de berce commune (heracleum sphondylium) et d'ang\u00e9lique (angelica archangelica).","twitter_image":"https:\/\/bommaflora.be\/wp-content\/uploads\/2021\/08\/pra_groupe.jpg","twitter_misc":{"Est. reading time":"2 minutes"},"schema":{"@context":"https:\/\/schema.org","@graph":[{"@type":"WebPage","@id":"https:\/\/bommaflora.be\/en\/produit\/assortment-of-pralines-copie-2\/","url":"https:\/\/bommaflora.be\/en\/produit\/assortment-of-pralines-copie-2\/","name":"Assortment of pralines - Bomma Flora - Artisanal chocolate","isPartOf":{"@id":"https:\/\/bommaflora.be\/en\/#website"},"primaryImageOfPage":{"@id":"https:\/\/bommaflora.be\/en\/produit\/assortment-of-pralines-copie-2\/#primaryimage"},"image":{"@id":"https:\/\/bommaflora.be\/en\/produit\/assortment-of-pralines-copie-2\/#primaryimage"},"thumbnailUrl":"https:\/\/bommaflora.be\/wp-content\/uploads\/2025\/09\/Coffret32p_large.jpg","datePublished":"2023-12-10T21:15:56+00:00","dateModified":"2026-03-26T11:41:57+00:00","description":"An assortment of 32 pralines combining ganaches, pralines and caramel, with recipes featuring well-known plants such as peppermint, tarragon, raspberries, sea buckthorn berries and pears, as well as more secret varieties such as sweet clover, medlars and lemon balm.","breadcrumb":{"@id":"https:\/\/bommaflora.be\/en\/produit\/assortment-of-pralines-copie-2\/#breadcrumb"},"inLanguage":"en-US","potentialAction":[{"@type":"ReadAction","target":["https:\/\/bommaflora.be\/en\/produit\/assortment-of-pralines-copie-2\/"]}]},{"@type":"ImageObject","inLanguage":"en-US","@id":"https:\/\/bommaflora.be\/en\/produit\/assortment-of-pralines-copie-2\/#primaryimage","url":"https:\/\/bommaflora.be\/wp-content\/uploads\/2025\/09\/Coffret32p_large.jpg","contentUrl":"https:\/\/bommaflora.be\/wp-content\/uploads\/2025\/09\/Coffret32p_large.jpg","width":1200,"height":800,"caption":"Coffret 32 pi\u00e8ces"},{"@type":"BreadcrumbList","@id":"https:\/\/bommaflora.be\/en\/produit\/assortment-of-pralines-copie-2\/#breadcrumb","itemListElement":[{"@type":"ListItem","position":1,"name":"Accueil","item":"https:\/\/bommaflora.be\/en\/"},{"@type":"ListItem","position":2,"name":"Shop","item":"https:\/\/bommaflora.be\/en\/shop\/"},{"@type":"ListItem","position":3,"name":"Assortment of pralines"}]},{"@type":"WebSite","@id":"https:\/\/bommaflora.be\/en\/#website","url":"https:\/\/bommaflora.be\/en\/","name":"Bomma Flora - Artisanal chocolate","description":"Fabrication artisanale de chocolat et de pralines aux plantes de nos contr\u00e9es","publisher":{"@id":"https:\/\/bommaflora.be\/en\/#organization"},"potentialAction":[{"@type":"SearchAction","target":{"@type":"EntryPoint","urlTemplate":"https:\/\/bommaflora.be\/en\/?s={search_term_string}"},"query-input":{"@type":"PropertyValueSpecification","valueRequired":true,"valueName":"search_term_string"}}],"inLanguage":"en-US"},{"@type":"Organization","@id":"https:\/\/bommaflora.be\/en\/#organization","name":"Bomma Flora","url":"https:\/\/bommaflora.be\/en\/","logo":{"@type":"ImageObject","inLanguage":"en-US","@id":"https:\/\/bommaflora.be\/en\/#\/schema\/logo\/image\/","url":"https:\/\/bommaflora.be\/wp-content\/uploads\/2022\/01\/logo-bommaflora-vertical-banner.svg","contentUrl":"https:\/\/bommaflora.be\/wp-content\/uploads\/2022\/01\/logo-bommaflora-vertical-banner.svg","width":1,"height":1,"caption":"Bomma Flora"},"image":{"@id":"https:\/\/bommaflora.be\/en\/#\/schema\/logo\/image\/"},"sameAs":["https:\/\/www.facebook.com\/ChocolatBommaFlora","https:\/\/www.instagram.com\/bommaflora\/"]}]}},"featured_img":"https:\/\/bommaflora.be\/wp-content\/uploads\/2025\/09\/Coffret32p_large.jpg","coauthors":[],"author_meta":{"author_link":"https:\/\/bommaflora.be\/en\/author\/adminbomma\/","display_name":"Alain Coppens"},"relative_dates":{"created":"Posted 2 years ago","modified":"Updated 1 month ago"},"absolute_dates":{"created":"Posted on December 10, 2023","modified":"Updated on March 26, 2026"},"absolute_dates_time":{"created":"Posted on December 10, 2023 9:15 pm","modified":"Updated on March 26, 2026 11:41 am"},"featured_img_caption":"Coffret 32 pi\u00e8ces","tax_additional":{"product_brand":{"linked":[],"unlinked":[],"slug":"product_brand","name":"Brands"},"product_type":{"linked":["<a href=\"https:\/\/bommaflora.be\/en\/?taxonomy=product_type&#038;term=simple\" class=\"advgb-post-tax-term\">simple<\/a>"],"unlinked":["<span class=\"advgb-post-tax-term\">simple<\/span>"],"slug":"product_type","name":"Product type"},"product_visibility":{"linked":[],"unlinked":[],"slug":"product_visibility","name":"Product visibility"},"product_cat":{"linked":["<a href=\"https:\/\/bommaflora.be\/en\/categorie-produit\/pralines-en\/\" class=\"advgb-post-tax-term\">Pralines<\/a>"],"unlinked":["<span class=\"advgb-post-tax-term\">Pralines<\/span>"],"slug":"product_cat","name":"Product categories"},"product_tag":{"linked":[],"unlinked":[],"slug":"product_tag","name":"Product tags"},"product_shipping_class":{"linked":[],"unlinked":[],"slug":"product_shipping_class","name":"Product shipping classes"},"pos_product_visibility":{"linked":[],"unlinked":[],"slug":"pos_product_visibility","name":"POS Product visibility"},"pa_allergenes":{"linked":["<a href=\"https:\/\/bommaflora.be\/en\/?taxonomy=pa_allergenes&#038;term=contains-lactose\" class=\"advgb-post-tax-term\">Contains lactose<\/a>","<a href=\"https:\/\/bommaflora.be\/en\/?taxonomy=pa_allergenes&#038;term=contains-nuts\" class=\"advgb-post-tax-term\">Contains nuts<\/a>","<a href=\"https:\/\/bommaflora.be\/en\/?taxonomy=pa_allergenes&#038;term=gluten-free\" class=\"advgb-post-tax-term\">Gluten free<\/a>"],"unlinked":["<span class=\"advgb-post-tax-term\">Contains lactose<\/span>","<span class=\"advgb-post-tax-term\">Contains nuts<\/span>","<span class=\"advgb-post-tax-term\">Gluten free<\/span>"],"slug":"pa_allergenes","name":"Product Allerg\u00e8nes"},"pa_conditionnement":{"linked":["<a href=\"https:\/\/bommaflora.be\/en\/?taxonomy=pa_conditionnement&#038;term=storage_pralines\" class=\"advgb-post-tax-term\">Store in a dry, cool (18-20 \u00b0 C) place protected from light. Avoid storage in the refrigerator<\/a>"],"unlinked":["<span class=\"advgb-post-tax-term\">Store in a dry, cool (18-20 \u00b0 C) place protected from light. Avoid storage in the refrigerator<\/span>"],"slug":"pa_conditionnement","name":"Product Conditionnement"},"translation_priority":{"linked":["<a href=\"https:\/\/bommaflora.be\/en\/?taxonomy=translation_priority&#038;term=optional\" class=\"advgb-post-tax-term\">Optional<\/a>"],"unlinked":["<span class=\"advgb-post-tax-term\">Optional<\/span>"],"slug":"translation_priority","name":"Translation Priorities"}},"series_order":"","_links":{"self":[{"href":"https:\/\/bommaflora.be\/en\/wp-json\/wp\/v2\/product\/1283","targetHints":{"allow":["GET"]}}],"collection":[{"href":"https:\/\/bommaflora.be\/en\/wp-json\/wp\/v2\/product"}],"about":[{"href":"https:\/\/bommaflora.be\/en\/wp-json\/wp\/v2\/types\/product"}],"wp:featuredmedia":[{"embeddable":true,"href":"https:\/\/bommaflora.be\/en\/wp-json\/wp\/v2\/media\/1528"}],"wp:attachment":[{"href":"https:\/\/bommaflora.be\/en\/wp-json\/wp\/v2\/media?parent=1283"}],"wp:term":[{"taxonomy":"product_brand","embeddable":true,"href":"https:\/\/bommaflora.be\/en\/wp-json\/wp\/v2\/product_brand?post=1283"},{"taxonomy":"product_cat","embeddable":true,"href":"https:\/\/bommaflora.be\/en\/wp-json\/wp\/v2\/product_cat?post=1283"},{"taxonomy":"product_tag","embeddable":true,"href":"https:\/\/bommaflora.be\/en\/wp-json\/wp\/v2\/product_tag?post=1283"}],"curies":[{"name":"wp","href":"https:\/\/api.w.org\/{rel}","templated":true}]}}