{"id":357,"date":"2021-12-16T21:37:19","date_gmt":"2021-12-16T21:37:19","guid":{"rendered":"https:\/\/bommaflora.be\/?post_type=product&#038;p=357"},"modified":"2022-01-18T18:23:29","modified_gmt":"2022-01-18T18:23:29","slug":"vvaya-70-meadowsweet","status":"publish","type":"product","link":"https:\/\/bommaflora.be\/en\/produit\/vvaya-70-meadowsweet\/","title":{"rendered":"V&#8217;vaya 70% &#8211; dark chocolate infused with meadowsweet"},"content":{"rendered":"<p>The bars are made from cocoa beans, cocoa butter, sugar. The infused bars have the particularity of having their cocoa infused with herbs or aromatic seeds. This V&#8217;vaya bar is infused with meadowsweet (<span class=\"LrzXr kno-fv wHYlTd z8gr9e\">Filipendula ulmaria<\/span>) with its very peculiar flavour and enhanced with roasted hazelnuts, cranberries and cornflower flowers. V&#8217;vaya cocoa, produced in Nicaragua by small farmers along the Rio Las Bayas, has an intense chocolate profile with strong tannins and fruity notes of cherry, blueberry and orange. Hints of herbs and spices enrich the aromatic profile.<\/p>\n<p>Meadowsweet is very aromatic and has long been used to enhance wines, meads, beers and herbal teas. It is also said to have medicinal virtues: it relieves fever, joint pain and spasms and for good reason, it contains a precursor of aspirin.<\/p>\n<p>V&#8217;vaya organic cocoa is certified under the Small Producers&#8217; Programme, a fair trade label that places producers at the heart of its organisation.<\/p>\n<div id=\"ConnectiveDocSignExtentionInstalled\" data-extension-version=\"1.0.4\"><\/div>\n","protected":false},"excerpt":{"rendered":"<p>The infused bars have the particularity of having their cocoa infused with herbs or aromatic seeds. This V&#8217;vaya bar is infused with meadowsweet (<span class=\"LrzXr kno-fv wHYlTd z8gr9e\">Filipendula ulmaria<\/span>) with its sweet flavour and enhanced with roasted hazelnuts, cranberries and cornflower flowers. V&#8217;vaya cocoa, produced in Nicaragua by small farmers along the Rio Las Bayas, has an intense chocolate profile with strong tannins and fruity notes of cherry, blueberry and orange. Hints of herbs and spices enrich the aromatic profile.<\/p>\n<div id=\"ConnectiveDocSignExtentionInstalled\" data-extension-version=\"1.0.4\"><\/div>\n","protected":false},"author":1,"featured_media":1241,"template":"","meta":{"_acf_changed":false,"advgb_blocks_editor_width":"","advgb_blocks_columns_visual_guide":""},"product_brand":[],"product_cat":[71],"product_tag":[],"class_list":{"0":"post-357","1":"product","2":"type-product","3":"status-publish","4":"has-post-thumbnail","6":"product_cat-tablettes-en","8":"first","9":"instock","10":"shipping-taxable","11":"purchasable","12":"product-type-simple"},"acf":[],"yoast_head":"<!-- This site is optimized with the Yoast SEO plugin v27.2 - https:\/\/yoast.com\/product\/yoast-seo-wordpress\/ -->\n<title>V&#039;vaya 70% - dark chocolate infused with meadowsweet - Bomma Flora - Artisanal chocolate<\/title>\n<meta name=\"description\" content=\"This V&#039;vaya bar is infused with meadowsweet and enhanced with roasted hazelnuts, cranberries and cornflower flowers.\" \/>\n<meta name=\"robots\" content=\"index, follow, max-snippet:-1, max-image-preview:large, max-video-preview:-1\" \/>\n<link rel=\"canonical\" href=\"https:\/\/bommaflora.be\/en\/produit\/vvaya-70-meadowsweet\/\" \/>\n<meta property=\"og:locale\" content=\"en_US\" \/>\n<meta property=\"og:type\" content=\"article\" \/>\n<meta property=\"og:title\" content=\"V&#039;vaya 70% - dark chocolate infused with meadowsweet - Bomma Flora - Artisanal chocolate\" \/>\n<meta property=\"og:description\" content=\"This V&#039;vaya bar is infused with meadowsweet and enhanced with roasted hazelnuts, cranberries and cornflower flowers.\" \/>\n<meta property=\"og:url\" content=\"https:\/\/bommaflora.be\/en\/produit\/vvaya-70-meadowsweet\/\" \/>\n<meta property=\"og:site_name\" content=\"Bomma Flora - Artisanal chocolate\" \/>\n<meta property=\"article:publisher\" content=\"https:\/\/www.facebook.com\/ChocolatBommaFlora\" \/>\n<meta property=\"article:modified_time\" content=\"2022-01-18T18:23:29+00:00\" \/>\n<meta property=\"og:image\" content=\"https:\/\/bommaflora.be\/wp-content\/uploads\/2023\/08\/reine-1.png\" \/>\n\t<meta property=\"og:image:width\" content=\"1360\" \/>\n\t<meta property=\"og:image:height\" content=\"1100\" \/>\n\t<meta property=\"og:image:type\" content=\"image\/png\" \/>\n<meta name=\"twitter:card\" content=\"summary_large_image\" \/>\n<meta name=\"twitter:label1\" content=\"Est. reading time\" \/>\n\t<meta name=\"twitter:data1\" content=\"1 minute\" \/>\n<script type=\"application\/ld+json\" class=\"yoast-schema-graph\">{\"@context\":\"https:\/\/schema.org\",\"@graph\":[{\"@type\":\"WebPage\",\"@id\":\"https:\/\/bommaflora.be\/en\/produit\/vvaya-70-meadowsweet\/\",\"url\":\"https:\/\/bommaflora.be\/en\/produit\/vvaya-70-meadowsweet\/\",\"name\":\"V'vaya 70% - dark chocolate infused with meadowsweet - Bomma Flora - Artisanal chocolate\",\"isPartOf\":{\"@id\":\"https:\/\/bommaflora.be\/en\/#website\"},\"primaryImageOfPage\":{\"@id\":\"https:\/\/bommaflora.be\/en\/produit\/vvaya-70-meadowsweet\/#primaryimage\"},\"image\":{\"@id\":\"https:\/\/bommaflora.be\/en\/produit\/vvaya-70-meadowsweet\/#primaryimage\"},\"thumbnailUrl\":\"https:\/\/bommaflora.be\/wp-content\/uploads\/2023\/08\/reine-1.png\",\"datePublished\":\"2021-12-16T21:37:19+00:00\",\"dateModified\":\"2022-01-18T18:23:29+00:00\",\"description\":\"This V'vaya bar is infused with meadowsweet and enhanced with roasted hazelnuts, cranberries and cornflower flowers.\",\"breadcrumb\":{\"@id\":\"https:\/\/bommaflora.be\/en\/produit\/vvaya-70-meadowsweet\/#breadcrumb\"},\"inLanguage\":\"en-US\",\"potentialAction\":[{\"@type\":\"ReadAction\",\"target\":[\"https:\/\/bommaflora.be\/en\/produit\/vvaya-70-meadowsweet\/\"]}]},{\"@type\":\"ImageObject\",\"inLanguage\":\"en-US\",\"@id\":\"https:\/\/bommaflora.be\/en\/produit\/vvaya-70-meadowsweet\/#primaryimage\",\"url\":\"https:\/\/bommaflora.be\/wp-content\/uploads\/2023\/08\/reine-1.png\",\"contentUrl\":\"https:\/\/bommaflora.be\/wp-content\/uploads\/2023\/08\/reine-1.png\",\"width\":1360,\"height\":1100,\"caption\":\"V\u2019vaya 70% infus\u00e9 \u00e0 la reine des pr\u00e9s\"},{\"@type\":\"BreadcrumbList\",\"@id\":\"https:\/\/bommaflora.be\/en\/produit\/vvaya-70-meadowsweet\/#breadcrumb\",\"itemListElement\":[{\"@type\":\"ListItem\",\"position\":1,\"name\":\"Accueil\",\"item\":\"https:\/\/bommaflora.be\/en\/\"},{\"@type\":\"ListItem\",\"position\":2,\"name\":\"Shop\",\"item\":\"https:\/\/bommaflora.be\/en\/shop\/\"},{\"@type\":\"ListItem\",\"position\":3,\"name\":\"V&rsquo;vaya 70% &#8211; dark chocolate infused with meadowsweet\"}]},{\"@type\":\"WebSite\",\"@id\":\"https:\/\/bommaflora.be\/en\/#website\",\"url\":\"https:\/\/bommaflora.be\/en\/\",\"name\":\"Bomma Flora - Artisanal chocolate\",\"description\":\"Fabrication artisanale de chocolat et de pralines aux plantes de nos contr\u00e9es\",\"publisher\":{\"@id\":\"https:\/\/bommaflora.be\/en\/#organization\"},\"potentialAction\":[{\"@type\":\"SearchAction\",\"target\":{\"@type\":\"EntryPoint\",\"urlTemplate\":\"https:\/\/bommaflora.be\/en\/?s={search_term_string}\"},\"query-input\":{\"@type\":\"PropertyValueSpecification\",\"valueRequired\":true,\"valueName\":\"search_term_string\"}}],\"inLanguage\":\"en-US\"},{\"@type\":\"Organization\",\"@id\":\"https:\/\/bommaflora.be\/en\/#organization\",\"name\":\"Bomma Flora\",\"url\":\"https:\/\/bommaflora.be\/en\/\",\"logo\":{\"@type\":\"ImageObject\",\"inLanguage\":\"en-US\",\"@id\":\"https:\/\/bommaflora.be\/en\/#\/schema\/logo\/image\/\",\"url\":\"https:\/\/bommaflora.be\/wp-content\/uploads\/2022\/01\/logo-bommaflora-vertical-banner.svg\",\"contentUrl\":\"https:\/\/bommaflora.be\/wp-content\/uploads\/2022\/01\/logo-bommaflora-vertical-banner.svg\",\"width\":1,\"height\":1,\"caption\":\"Bomma Flora\"},\"image\":{\"@id\":\"https:\/\/bommaflora.be\/en\/#\/schema\/logo\/image\/\"},\"sameAs\":[\"https:\/\/www.facebook.com\/ChocolatBommaFlora\",\"https:\/\/www.instagram.com\/bommaflora\/\"]}]}<\/script>\n<!-- \/ Yoast SEO plugin. -->","yoast_head_json":{"title":"V'vaya 70% - dark chocolate infused with meadowsweet - Bomma Flora - Artisanal chocolate","description":"This V'vaya bar is infused with meadowsweet and enhanced with roasted hazelnuts, cranberries and cornflower flowers.","robots":{"index":"index","follow":"follow","max-snippet":"max-snippet:-1","max-image-preview":"max-image-preview:large","max-video-preview":"max-video-preview:-1"},"canonical":"https:\/\/bommaflora.be\/en\/produit\/vvaya-70-meadowsweet\/","og_locale":"en_US","og_type":"article","og_title":"V'vaya 70% - dark chocolate infused with meadowsweet - Bomma Flora - Artisanal chocolate","og_description":"This V'vaya bar is infused with meadowsweet and enhanced with roasted hazelnuts, cranberries and cornflower flowers.","og_url":"https:\/\/bommaflora.be\/en\/produit\/vvaya-70-meadowsweet\/","og_site_name":"Bomma Flora - Artisanal chocolate","article_publisher":"https:\/\/www.facebook.com\/ChocolatBommaFlora","article_modified_time":"2022-01-18T18:23:29+00:00","og_image":[{"width":1360,"height":1100,"url":"https:\/\/bommaflora.be\/wp-content\/uploads\/2023\/08\/reine-1.png","type":"image\/png"}],"twitter_card":"summary_large_image","twitter_misc":{"Est. reading time":"1 minute"},"schema":{"@context":"https:\/\/schema.org","@graph":[{"@type":"WebPage","@id":"https:\/\/bommaflora.be\/en\/produit\/vvaya-70-meadowsweet\/","url":"https:\/\/bommaflora.be\/en\/produit\/vvaya-70-meadowsweet\/","name":"V'vaya 70% - dark chocolate infused with meadowsweet - Bomma Flora - Artisanal chocolate","isPartOf":{"@id":"https:\/\/bommaflora.be\/en\/#website"},"primaryImageOfPage":{"@id":"https:\/\/bommaflora.be\/en\/produit\/vvaya-70-meadowsweet\/#primaryimage"},"image":{"@id":"https:\/\/bommaflora.be\/en\/produit\/vvaya-70-meadowsweet\/#primaryimage"},"thumbnailUrl":"https:\/\/bommaflora.be\/wp-content\/uploads\/2023\/08\/reine-1.png","datePublished":"2021-12-16T21:37:19+00:00","dateModified":"2022-01-18T18:23:29+00:00","description":"This V'vaya bar is infused with meadowsweet and enhanced with roasted hazelnuts, cranberries and cornflower flowers.","breadcrumb":{"@id":"https:\/\/bommaflora.be\/en\/produit\/vvaya-70-meadowsweet\/#breadcrumb"},"inLanguage":"en-US","potentialAction":[{"@type":"ReadAction","target":["https:\/\/bommaflora.be\/en\/produit\/vvaya-70-meadowsweet\/"]}]},{"@type":"ImageObject","inLanguage":"en-US","@id":"https:\/\/bommaflora.be\/en\/produit\/vvaya-70-meadowsweet\/#primaryimage","url":"https:\/\/bommaflora.be\/wp-content\/uploads\/2023\/08\/reine-1.png","contentUrl":"https:\/\/bommaflora.be\/wp-content\/uploads\/2023\/08\/reine-1.png","width":1360,"height":1100,"caption":"V\u2019vaya 70% infus\u00e9 \u00e0 la reine des pr\u00e9s"},{"@type":"BreadcrumbList","@id":"https:\/\/bommaflora.be\/en\/produit\/vvaya-70-meadowsweet\/#breadcrumb","itemListElement":[{"@type":"ListItem","position":1,"name":"Accueil","item":"https:\/\/bommaflora.be\/en\/"},{"@type":"ListItem","position":2,"name":"Shop","item":"https:\/\/bommaflora.be\/en\/shop\/"},{"@type":"ListItem","position":3,"name":"V&rsquo;vaya 70% &#8211; dark chocolate infused with meadowsweet"}]},{"@type":"WebSite","@id":"https:\/\/bommaflora.be\/en\/#website","url":"https:\/\/bommaflora.be\/en\/","name":"Bomma Flora - Artisanal chocolate","description":"Fabrication artisanale de chocolat et de pralines aux plantes de nos contr\u00e9es","publisher":{"@id":"https:\/\/bommaflora.be\/en\/#organization"},"potentialAction":[{"@type":"SearchAction","target":{"@type":"EntryPoint","urlTemplate":"https:\/\/bommaflora.be\/en\/?s={search_term_string}"},"query-input":{"@type":"PropertyValueSpecification","valueRequired":true,"valueName":"search_term_string"}}],"inLanguage":"en-US"},{"@type":"Organization","@id":"https:\/\/bommaflora.be\/en\/#organization","name":"Bomma Flora","url":"https:\/\/bommaflora.be\/en\/","logo":{"@type":"ImageObject","inLanguage":"en-US","@id":"https:\/\/bommaflora.be\/en\/#\/schema\/logo\/image\/","url":"https:\/\/bommaflora.be\/wp-content\/uploads\/2022\/01\/logo-bommaflora-vertical-banner.svg","contentUrl":"https:\/\/bommaflora.be\/wp-content\/uploads\/2022\/01\/logo-bommaflora-vertical-banner.svg","width":1,"height":1,"caption":"Bomma Flora"},"image":{"@id":"https:\/\/bommaflora.be\/en\/#\/schema\/logo\/image\/"},"sameAs":["https:\/\/www.facebook.com\/ChocolatBommaFlora","https:\/\/www.instagram.com\/bommaflora\/"]}]}},"featured_img":"https:\/\/bommaflora.be\/wp-content\/uploads\/2023\/08\/reine-1.png","coauthors":[],"author_meta":{"author_link":"https:\/\/bommaflora.be\/en\/author\/admin\/","display_name":"admin"},"relative_dates":{"created":"Posted 4 years ago","modified":"Updated 4 years ago"},"absolute_dates":{"created":"Posted on December 16, 2021","modified":"Updated on January 18, 2022"},"absolute_dates_time":{"created":"Posted on December 16, 2021 9:37 pm","modified":"Updated on January 18, 2022 6:23 pm"},"featured_img_caption":"V\u2019vaya 70% infus\u00e9 \u00e0 la reine des pr\u00e9s","tax_additional":{"product_brand":{"linked":[],"unlinked":[],"slug":"product_brand","name":"Brands"},"product_type":{"linked":["<a href=\"https:\/\/bommaflora.be\/en\/?taxonomy=product_type&#038;term=simple\" class=\"advgb-post-tax-term\">simple<\/a>"],"unlinked":["<span class=\"advgb-post-tax-term\">simple<\/span>"],"slug":"product_type","name":"Product type"},"product_visibility":{"linked":[],"unlinked":[],"slug":"product_visibility","name":"Product visibility"},"product_cat":{"linked":["<a href=\"https:\/\/bommaflora.be\/en\/categorie-produit\/tablettes-en\/\" class=\"advgb-post-tax-term\">Chocolate bars<\/a>"],"unlinked":["<span class=\"advgb-post-tax-term\">Chocolate bars<\/span>"],"slug":"product_cat","name":"Product categories"},"product_tag":{"linked":[],"unlinked":[],"slug":"product_tag","name":"Product tags"},"product_shipping_class":{"linked":[],"unlinked":[],"slug":"product_shipping_class","name":"Product shipping classes"},"pos_product_visibility":{"linked":[],"unlinked":[],"slug":"pos_product_visibility","name":"POS Product visibility"},"pa_allergenes":{"linked":["<a href=\"https:\/\/bommaflora.be\/en\/?taxonomy=pa_allergenes&#038;term=contains-nuts\" class=\"advgb-post-tax-term\">Contains nuts<\/a>","<a href=\"https:\/\/bommaflora.be\/en\/?taxonomy=pa_allergenes&#038;term=gluten-free\" class=\"advgb-post-tax-term\">Gluten free<\/a>","<a href=\"https:\/\/bommaflora.be\/en\/?taxonomy=pa_allergenes&#038;term=traces-of-lactose\" class=\"advgb-post-tax-term\">May contain traces of lactose<\/a>"],"unlinked":["<span class=\"advgb-post-tax-term\">Contains nuts<\/span>","<span class=\"advgb-post-tax-term\">Gluten free<\/span>","<span class=\"advgb-post-tax-term\">May contain traces of lactose<\/span>"],"slug":"pa_allergenes","name":"Product Allerg\u00e8nes"},"pa_conditionnement":{"linked":["<a href=\"https:\/\/bommaflora.be\/en\/?taxonomy=pa_conditionnement&#038;term=70g-bar\" class=\"advgb-post-tax-term\">Two bars of 35g (Total 70g)<\/a>","<a href=\"https:\/\/bommaflora.be\/en\/?taxonomy=pa_conditionnement&#038;term=store-in-a-dry-cool-18-20-c-place-protected-from-light-avoid-storage-in-the-refrigerator\" class=\"advgb-post-tax-term\">Store in a dry, cool (18-20 \u00b0 C) place protected from light. Avoid storage in the refrigerator.<\/a>"],"unlinked":["<span class=\"advgb-post-tax-term\">Two bars of 35g (Total 70g)<\/span>","<span class=\"advgb-post-tax-term\">Store in a dry, cool (18-20 \u00b0 C) place protected from light. Avoid storage in the refrigerator.<\/span>"],"slug":"pa_conditionnement","name":"Product Conditionnement"},"translation_priority":{"linked":["<a href=\"https:\/\/bommaflora.be\/en\/?taxonomy=translation_priority&#038;term=optional\" class=\"advgb-post-tax-term\">Optional<\/a>"],"unlinked":["<span class=\"advgb-post-tax-term\">Optional<\/span>"],"slug":"translation_priority","name":"Translation Priorities"}},"series_order":"","_links":{"self":[{"href":"https:\/\/bommaflora.be\/en\/wp-json\/wp\/v2\/product\/357","targetHints":{"allow":["GET"]}}],"collection":[{"href":"https:\/\/bommaflora.be\/en\/wp-json\/wp\/v2\/product"}],"about":[{"href":"https:\/\/bommaflora.be\/en\/wp-json\/wp\/v2\/types\/product"}],"wp:featuredmedia":[{"embeddable":true,"href":"https:\/\/bommaflora.be\/en\/wp-json\/wp\/v2\/media\/1241"}],"wp:attachment":[{"href":"https:\/\/bommaflora.be\/en\/wp-json\/wp\/v2\/media?parent=357"}],"wp:term":[{"taxonomy":"product_brand","embeddable":true,"href":"https:\/\/bommaflora.be\/en\/wp-json\/wp\/v2\/product_brand?post=357"},{"taxonomy":"product_cat","embeddable":true,"href":"https:\/\/bommaflora.be\/en\/wp-json\/wp\/v2\/product_cat?post=357"},{"taxonomy":"product_tag","embeddable":true,"href":"https:\/\/bommaflora.be\/en\/wp-json\/wp\/v2\/product_tag?post=357"}],"curies":[{"name":"wp","href":"https:\/\/api.w.org\/{rel}","templated":true}]}}