{"id":57,"date":"2021-09-03T12:50:03","date_gmt":"2021-09-03T12:50:03","guid":{"rendered":"https:\/\/bommaflora.be\/over-ons\/"},"modified":"2022-12-08T22:43:32","modified_gmt":"2022-12-08T22:43:32","slug":"over-ons","status":"publish","type":"page","link":"https:\/\/bommaflora.be\/nl\/over-ons\/","title":{"rendered":"Over ons"},"content":{"rendered":"\n<div class=\"wp-block-media-text alignwide is-stacked-on-mobile\" style=\"grid-template-columns:25% auto\"><figure class=\"wp-block-media-text__media\"><img loading=\"lazy\" decoding=\"async\" width=\"989\" height=\"1024\" src=\"https:\/\/bommaflora.be\/wp-content\/uploads\/2022\/12\/DSCF7393_crop-989x1024.jpg\" alt=\"\" class=\"wp-image-1028 size-full\" srcset=\"https:\/\/bommaflora.be\/wp-content\/uploads\/2022\/12\/DSCF7393_crop-989x1024.jpg 989w, https:\/\/bommaflora.be\/wp-content\/uploads\/2022\/12\/DSCF7393_crop-290x300.jpg 290w, https:\/\/bommaflora.be\/wp-content\/uploads\/2022\/12\/DSCF7393_crop-768x796.jpg 768w, https:\/\/bommaflora.be\/wp-content\/uploads\/2022\/12\/DSCF7393_crop-416x431.jpg 416w, https:\/\/bommaflora.be\/wp-content\/uploads\/2022\/12\/DSCF7393_crop.jpg 1088w\" sizes=\"auto, (max-width: 989px) 100vw, 989px\" \/><\/figure><div class=\"wp-block-media-text__content\">\n<h2 class=\"wp-block-heading\">De twee Bomma Flora broers gescheiden door de Atlantische Oceaan, verenigd door chocolade!<\/h2>\n\n\n\n<p>In Belgi\u00eb, een groot chocoladeland, is het verleidelijk om repen en pralines te maken met chocoladesteentjes en pralines in potten uit de chocolade-industrie&#8230; maar wij wilden u iets anders aanbieden. Op een authentieke, ethische en milieuvriendelijke manier produceren wij een chocolade die u intens genot brengt. Onze pralines verkennen de fusie van smaken tussen een smakelijke chocolade en inheemse planten: engelwortel, moerasspirea, venkel, duindoornbessen.<\/p>\n<\/div><\/div>\n\n\n\n<div class=\"wp-block-media-text alignwide has-media-on-the-right is-stacked-on-mobile\" style=\"grid-template-columns:auto 36%\"><div class=\"wp-block-media-text__content\">\n<h2 class=\"wp-block-heading\">Een &#8220;bean to bar&#8221; en &#8220;one bean&#8221; benadering<\/h2>\n\n\n\n<p>De cacaobonen komen rechtstreeks bij Bomma Flora aan en worden door ons geroosterd en met suiker gemalen, in tegenstelling tot andere chocolademakers die ze bij de industrie kopen. Bij Bomma Flora geeft \u00e9\u00e9n soort boon \u00e9\u00e9n chocolade (&#8220;One bean&#8221;), geen blending, geen vermenging van bonen. De chocolade wordt vervolgens getempereerd en verwerkt tot repen, pralines en delicatessen die cacao toetsen combineren met noten, fruit en bloemen uit onze streken.<\/p>\n<\/div><figure class=\"wp-block-media-text__media\"><img loading=\"lazy\" decoding=\"async\" width=\"1024\" height=\"683\" src=\"https:\/\/bommaflora.be\/wp-content\/uploads\/2022\/12\/Belgique-Bruxelles-Alain-Coppens-2664-Gourmand-4-1024x683.jpg\" alt=\"\" class=\"wp-image-1031 size-full\" srcset=\"https:\/\/bommaflora.be\/wp-content\/uploads\/2022\/12\/Belgique-Bruxelles-Alain-Coppens-2664-Gourmand-4-1024x683.jpg 1024w, https:\/\/bommaflora.be\/wp-content\/uploads\/2022\/12\/Belgique-Bruxelles-Alain-Coppens-2664-Gourmand-4-300x200.jpg 300w, https:\/\/bommaflora.be\/wp-content\/uploads\/2022\/12\/Belgique-Bruxelles-Alain-Coppens-2664-Gourmand-4-768x512.jpg 768w, https:\/\/bommaflora.be\/wp-content\/uploads\/2022\/12\/Belgique-Bruxelles-Alain-Coppens-2664-Gourmand-4-1536x1024.jpg 1536w, https:\/\/bommaflora.be\/wp-content\/uploads\/2022\/12\/Belgique-Bruxelles-Alain-Coppens-2664-Gourmand-4-2048x1365.jpg 2048w, https:\/\/bommaflora.be\/wp-content\/uploads\/2022\/12\/Belgique-Bruxelles-Alain-Coppens-2664-Gourmand-4-416x277.jpg 416w\" sizes=\"auto, (max-width: 1024px) 100vw, 1024px\" \/><\/figure><\/div>\n\n\n\n<h2 class=\"wp-block-heading\">Een ethische, gecertificeerde biologische en circulaire chocoladefabriek<\/h2>\n\n\n\n<p>Voor ons betekent dit<br>&#8211; regelmatig contact hebben met de cacaoco\u00f6peraties en de producenten, de cacao tegen de vereiste prijs kopen, feedback geven in de vorm van proeverijen en workshops > een <strong>ethische <\/strong>chocolade<br>&#8211; een product garanderen en certificeren zonder residuen van bestrijdingsmiddelen en vooral vermijden dat producenten meststoffen en bestrijdingsmiddelen gebruiken die giftig zijn voor hun gezondheid en voor het milieu waarin ze leven > een <strong>biologische <\/strong>chocolade<br>&#8211; gebruik maken van niet-gebruikte fracties en die van andere producenten integreren, hernieuwbare energiebronnen vinden en de hoeveelheid afval, met name plastic, tijdens het productieproces en bij de verkoop verminderen > een <strong>circulaire <\/strong>chocolade<\/p>\n","protected":false},"excerpt":{"rendered":"<p>De twee Bomma Flora broers gescheiden door de Atlantische Oceaan, verenigd door chocolade! In Belgi\u00eb, een groot chocoladeland, is het verleidelijk om repen en pralines te maken met chocoladesteentjes en pralines in potten uit de chocolade-industrie&#8230; maar wij wilden u iets anders aanbieden. Op een authentieke, ethische en milieuvriendelijke manier produceren wij een chocolade die [&hellip;]<\/p>\n","protected":false},"author":1,"featured_media":0,"parent":0,"menu_order":0,"comment_status":"closed","ping_status":"closed","template":"","meta":{"_acf_changed":false,"advgb_blocks_editor_width":"","advgb_blocks_columns_visual_guide":"","footnotes":""},"class_list":["post-57","page","type-page","status-publish","hentry"],"acf":[],"yoast_head":"<!-- This site is optimized with the Yoast SEO plugin v27.2 - https:\/\/yoast.com\/product\/yoast-seo-wordpress\/ -->\n<title>Over ons - Bomma Flora - Artisanale chocolade<\/title>\n<meta name=\"robots\" content=\"index, follow, max-snippet:-1, max-image-preview:large, max-video-preview:-1\" \/>\n<link rel=\"canonical\" href=\"https:\/\/bommaflora.be\/nl\/over-ons\/\" \/>\n<meta property=\"og:locale\" content=\"nl_NL\" \/>\n<meta property=\"og:type\" content=\"article\" \/>\n<meta property=\"og:title\" content=\"Over ons - Bomma Flora - Artisanale chocolade\" \/>\n<meta property=\"og:description\" content=\"De twee Bomma Flora broers gescheiden door de Atlantische Oceaan, verenigd door chocolade! In Belgi\u00eb, een groot chocoladeland, is het verleidelijk om repen en pralines te maken met chocoladesteentjes en pralines in potten uit de chocolade-industrie&#8230; maar wij wilden u iets anders aanbieden. Op een authentieke, ethische en milieuvriendelijke manier produceren wij een chocolade die [&hellip;]\" \/>\n<meta property=\"og:url\" content=\"https:\/\/bommaflora.be\/nl\/over-ons\/\" \/>\n<meta property=\"og:site_name\" content=\"Bomma Flora - Artisanale chocolade\" \/>\n<meta property=\"article:publisher\" content=\"https:\/\/www.facebook.com\/ChocolatBommaFlora\" \/>\n<meta property=\"article:modified_time\" content=\"2022-12-08T22:43:32+00:00\" \/>\n<meta property=\"og:image\" content=\"https:\/\/bommaflora.be\/wp-content\/uploads\/2022\/12\/DSCF7393_crop-989x1024.jpg\" \/>\n<meta name=\"twitter:card\" content=\"summary_large_image\" \/>\n<meta name=\"twitter:label1\" content=\"Geschatte leestijd\" \/>\n\t<meta name=\"twitter:data1\" content=\"2 minuten\" \/>\n<script type=\"application\/ld+json\" class=\"yoast-schema-graph\">{\"@context\":\"https:\/\/schema.org\",\"@graph\":[{\"@type\":\"WebPage\",\"@id\":\"https:\/\/bommaflora.be\/nl\/over-ons\/\",\"url\":\"https:\/\/bommaflora.be\/nl\/over-ons\/\",\"name\":\"Over ons - Bomma Flora - Artisanale chocolade\",\"isPartOf\":{\"@id\":\"https:\/\/bommaflora.be\/nl\/#website\"},\"primaryImageOfPage\":{\"@id\":\"https:\/\/bommaflora.be\/nl\/over-ons\/#primaryimage\"},\"image\":{\"@id\":\"https:\/\/bommaflora.be\/nl\/over-ons\/#primaryimage\"},\"thumbnailUrl\":\"https:\/\/bommaflora.be\/wp-content\/uploads\/2022\/12\/DSCF7393_crop-989x1024.jpg\",\"datePublished\":\"2021-09-03T12:50:03+00:00\",\"dateModified\":\"2022-12-08T22:43:32+00:00\",\"breadcrumb\":{\"@id\":\"https:\/\/bommaflora.be\/nl\/over-ons\/#breadcrumb\"},\"inLanguage\":\"nl-NL\",\"potentialAction\":[{\"@type\":\"ReadAction\",\"target\":[\"https:\/\/bommaflora.be\/nl\/over-ons\/\"]}]},{\"@type\":\"ImageObject\",\"inLanguage\":\"nl-NL\",\"@id\":\"https:\/\/bommaflora.be\/nl\/over-ons\/#primaryimage\",\"url\":\"https:\/\/bommaflora.be\/wp-content\/uploads\/2022\/12\/DSCF7393_crop-989x1024.jpg\",\"contentUrl\":\"https:\/\/bommaflora.be\/wp-content\/uploads\/2022\/12\/DSCF7393_crop-989x1024.jpg\"},{\"@type\":\"BreadcrumbList\",\"@id\":\"https:\/\/bommaflora.be\/nl\/over-ons\/#breadcrumb\",\"itemListElement\":[{\"@type\":\"ListItem\",\"position\":1,\"name\":\"Accueil\",\"item\":\"https:\/\/bommaflora.be\/nl\/\"},{\"@type\":\"ListItem\",\"position\":2,\"name\":\"Over ons\"}]},{\"@type\":\"WebSite\",\"@id\":\"https:\/\/bommaflora.be\/nl\/#website\",\"url\":\"https:\/\/bommaflora.be\/nl\/\",\"name\":\"Bomma Flora - Artisanale chocolade\",\"description\":\"Fabrication artisanale de chocolat et de pralines aux plantes de nos contr\u00e9es\",\"publisher\":{\"@id\":\"https:\/\/bommaflora.be\/nl\/#organization\"},\"potentialAction\":[{\"@type\":\"SearchAction\",\"target\":{\"@type\":\"EntryPoint\",\"urlTemplate\":\"https:\/\/bommaflora.be\/nl\/?s={search_term_string}\"},\"query-input\":{\"@type\":\"PropertyValueSpecification\",\"valueRequired\":true,\"valueName\":\"search_term_string\"}}],\"inLanguage\":\"nl-NL\"},{\"@type\":\"Organization\",\"@id\":\"https:\/\/bommaflora.be\/nl\/#organization\",\"name\":\"Bomma Flora\",\"url\":\"https:\/\/bommaflora.be\/nl\/\",\"logo\":{\"@type\":\"ImageObject\",\"inLanguage\":\"nl-NL\",\"@id\":\"https:\/\/bommaflora.be\/nl\/#\/schema\/logo\/image\/\",\"url\":\"https:\/\/bommaflora.be\/wp-content\/uploads\/2022\/01\/logo-bommaflora-vertical-banner.svg\",\"contentUrl\":\"https:\/\/bommaflora.be\/wp-content\/uploads\/2022\/01\/logo-bommaflora-vertical-banner.svg\",\"width\":1,\"height\":1,\"caption\":\"Bomma Flora\"},\"image\":{\"@id\":\"https:\/\/bommaflora.be\/nl\/#\/schema\/logo\/image\/\"},\"sameAs\":[\"https:\/\/www.facebook.com\/ChocolatBommaFlora\",\"https:\/\/www.instagram.com\/bommaflora\/\"]}]}<\/script>\n<!-- \/ Yoast SEO plugin. -->","yoast_head_json":{"title":"Over ons - Bomma Flora - Artisanale chocolade","robots":{"index":"index","follow":"follow","max-snippet":"max-snippet:-1","max-image-preview":"max-image-preview:large","max-video-preview":"max-video-preview:-1"},"canonical":"https:\/\/bommaflora.be\/nl\/over-ons\/","og_locale":"nl_NL","og_type":"article","og_title":"Over ons - Bomma Flora - Artisanale chocolade","og_description":"De twee Bomma Flora broers gescheiden door de Atlantische Oceaan, verenigd door chocolade! In Belgi\u00eb, een groot chocoladeland, is het verleidelijk om repen en pralines te maken met chocoladesteentjes en pralines in potten uit de chocolade-industrie&#8230; maar wij wilden u iets anders aanbieden. Op een authentieke, ethische en milieuvriendelijke manier produceren wij een chocolade die [&hellip;]","og_url":"https:\/\/bommaflora.be\/nl\/over-ons\/","og_site_name":"Bomma Flora - Artisanale chocolade","article_publisher":"https:\/\/www.facebook.com\/ChocolatBommaFlora","article_modified_time":"2022-12-08T22:43:32+00:00","og_image":[{"url":"https:\/\/bommaflora.be\/wp-content\/uploads\/2022\/12\/DSCF7393_crop-989x1024.jpg","type":"","width":"","height":""}],"twitter_card":"summary_large_image","twitter_misc":{"Geschatte leestijd":"2 minuten"},"schema":{"@context":"https:\/\/schema.org","@graph":[{"@type":"WebPage","@id":"https:\/\/bommaflora.be\/nl\/over-ons\/","url":"https:\/\/bommaflora.be\/nl\/over-ons\/","name":"Over ons - Bomma Flora - Artisanale chocolade","isPartOf":{"@id":"https:\/\/bommaflora.be\/nl\/#website"},"primaryImageOfPage":{"@id":"https:\/\/bommaflora.be\/nl\/over-ons\/#primaryimage"},"image":{"@id":"https:\/\/bommaflora.be\/nl\/over-ons\/#primaryimage"},"thumbnailUrl":"https:\/\/bommaflora.be\/wp-content\/uploads\/2022\/12\/DSCF7393_crop-989x1024.jpg","datePublished":"2021-09-03T12:50:03+00:00","dateModified":"2022-12-08T22:43:32+00:00","breadcrumb":{"@id":"https:\/\/bommaflora.be\/nl\/over-ons\/#breadcrumb"},"inLanguage":"nl-NL","potentialAction":[{"@type":"ReadAction","target":["https:\/\/bommaflora.be\/nl\/over-ons\/"]}]},{"@type":"ImageObject","inLanguage":"nl-NL","@id":"https:\/\/bommaflora.be\/nl\/over-ons\/#primaryimage","url":"https:\/\/bommaflora.be\/wp-content\/uploads\/2022\/12\/DSCF7393_crop-989x1024.jpg","contentUrl":"https:\/\/bommaflora.be\/wp-content\/uploads\/2022\/12\/DSCF7393_crop-989x1024.jpg"},{"@type":"BreadcrumbList","@id":"https:\/\/bommaflora.be\/nl\/over-ons\/#breadcrumb","itemListElement":[{"@type":"ListItem","position":1,"name":"Accueil","item":"https:\/\/bommaflora.be\/nl\/"},{"@type":"ListItem","position":2,"name":"Over ons"}]},{"@type":"WebSite","@id":"https:\/\/bommaflora.be\/nl\/#website","url":"https:\/\/bommaflora.be\/nl\/","name":"Bomma Flora - Artisanale chocolade","description":"Fabrication artisanale de chocolat et de pralines aux plantes de nos contr\u00e9es","publisher":{"@id":"https:\/\/bommaflora.be\/nl\/#organization"},"potentialAction":[{"@type":"SearchAction","target":{"@type":"EntryPoint","urlTemplate":"https:\/\/bommaflora.be\/nl\/?s={search_term_string}"},"query-input":{"@type":"PropertyValueSpecification","valueRequired":true,"valueName":"search_term_string"}}],"inLanguage":"nl-NL"},{"@type":"Organization","@id":"https:\/\/bommaflora.be\/nl\/#organization","name":"Bomma Flora","url":"https:\/\/bommaflora.be\/nl\/","logo":{"@type":"ImageObject","inLanguage":"nl-NL","@id":"https:\/\/bommaflora.be\/nl\/#\/schema\/logo\/image\/","url":"https:\/\/bommaflora.be\/wp-content\/uploads\/2022\/01\/logo-bommaflora-vertical-banner.svg","contentUrl":"https:\/\/bommaflora.be\/wp-content\/uploads\/2022\/01\/logo-bommaflora-vertical-banner.svg","width":1,"height":1,"caption":"Bomma Flora"},"image":{"@id":"https:\/\/bommaflora.be\/nl\/#\/schema\/logo\/image\/"},"sameAs":["https:\/\/www.facebook.com\/ChocolatBommaFlora","https:\/\/www.instagram.com\/bommaflora\/"]}]}},"coauthors":[],"author_meta":{"author_link":"https:\/\/bommaflora.be\/nl\/author\/admin\/","display_name":"admin"},"relative_dates":{"created":"Posted 5 jaar ago","modified":"Updated 3 jaar ago"},"absolute_dates":{"created":"Posted on 3 september 2021","modified":"Updated on 8 december 2022"},"absolute_dates_time":{"created":"Posted on 3 september 2021 12:50","modified":"Updated on 8 december 2022 22:43"},"featured_img_caption":"","featured_img":false,"series_order":"","_links":{"self":[{"href":"https:\/\/bommaflora.be\/nl\/wp-json\/wp\/v2\/pages\/57","targetHints":{"allow":["GET"]}}],"collection":[{"href":"https:\/\/bommaflora.be\/nl\/wp-json\/wp\/v2\/pages"}],"about":[{"href":"https:\/\/bommaflora.be\/nl\/wp-json\/wp\/v2\/types\/page"}],"author":[{"embeddable":true,"href":"https:\/\/bommaflora.be\/nl\/wp-json\/wp\/v2\/users\/1"}],"replies":[{"embeddable":true,"href":"https:\/\/bommaflora.be\/nl\/wp-json\/wp\/v2\/comments?post=57"}],"version-history":[{"count":8,"href":"https:\/\/bommaflora.be\/nl\/wp-json\/wp\/v2\/pages\/57\/revisions"}],"predecessor-version":[{"id":1042,"href":"https:\/\/bommaflora.be\/nl\/wp-json\/wp\/v2\/pages\/57\/revisions\/1042"}],"wp:attachment":[{"href":"https:\/\/bommaflora.be\/nl\/wp-json\/wp\/v2\/media?parent=57"}],"curies":[{"name":"wp","href":"https:\/\/api.w.org\/{rel}","templated":true}]}}