{"id":1279,"date":"2023-12-10T21:15:56","date_gmt":"2023-12-10T21:15:56","guid":{"rendered":"https:\/\/bommaflora.be\/?post_type=product&#038;p=1279"},"modified":"2026-03-26T11:40:53","modified_gmt":"2026-03-26T11:40:53","slug":"assortiment-pralines-copie","status":"publish","type":"product","link":"https:\/\/bommaflora.be\/nl\/produit\/assortiment-pralines-copie\/","title":{"rendered":"Doos met 32 geassorteerde pralines"},"content":{"rendered":"<p>Een assortiment van 32 pralines die ganaches, pralines, karamel mengen en in hun recepten gewone en bekende planten gebruiken zoals pepermunt, dragon, frambozen, duindoornbessen, peren en andere minder bekende zoals witte honingklaver,\u00a0 mispels en citroenmelisse.<\/p>\n<div data-extension-version=\"1.0.4\">De soorten zijn als volgt:<\/div>\n<p>Karamel<br \/>\nDenise | Hazelnoot pralin\u00e9 en duindoorn bessen karamel<br \/>\nJuliette | Karamel met kummel en mispelgelei<br \/>\nMarcel | Pompoenpitten pralin\u00e9 en peper karamel<br \/>\nPalmyre | Gezouten boterkaramel en hazelnootpralin\u00e9<\/p>\n<p>Ganache<br \/>\nEstelle | Pepermunt ganache met gepofte amarant<br \/>\nIr\u00e8ne | Citroenmelisse ganache<br \/>\nIsidore | Pure chocolade ganache<br \/>\nJean | Witte honingklaver ganache<br \/>\nL\u00e9on | Dragon ganache<br \/>\nLydie | Karamel ganache met veenbessen<br \/>\nSimone | Vlierbloesem ganache<br \/>\nZ\u00e9lie | Pralin\u00e9 ganache met frambozen<\/p>\n<p>Pralin\u00e9<br \/>\nAntoine | Amandel pralin\u00e9 met koriander en zure kersen gelei<br \/>\nBernard | Noten pralin\u00e9 en perengelei met steranijs<br \/>\nElsa | Honing pralin\u00e9 cr\u00e8me<br \/>\nFernand | Pompoenpit pralin\u00e9<br \/>\nIsabelle | Amandel en zwarte sesam pralin\u00e9<br \/>\nJeanne | Amandel pralin\u00e9 en marsepein<br \/>\nMariette | Amandel pralin\u00e9 en frambozengelei<br \/>\nMichel | Amandel pralin\u00e9<br \/>\nNicole | Lavendel hazelnoten pralin\u00e9<br \/>\nPaula | Gianduja<\/p>\n<p>Ingredi\u00ebnten : pure chocolade, <strong>melkchocolade<\/strong>, suiker, <strong>verse room, amandelen, hazelnoten, boter<\/strong>, glucose, zure kersen, frambozen, cacaoboter, peren, <strong>walnoten<\/strong>, duindoornbessen, mispels, zwarte sesamzaadjes, pompoenpitten, paprika\u2019s, veenbessen, honing, pectine, vlierbes, citroenmelisse, honingklaver, lavendel, dragon, koriander, munt, citroen, fleur de sel, steranijs<\/p>\n<p>&nbsp;<\/p>\n<div id=\"ConnectiveDocSignExtentionInstalled\" data-extension-version=\"1.0.4\"><\/div>\n","protected":false},"excerpt":{"rendered":"<p>Een assortiment van 32 pralines die ganaches, pralines, karamel mengen.<\/p>\n<div id=\"ConnectiveDocSignExtentionInstalled\" data-extension-version=\"1.0.4\"><\/div>\n","protected":false},"author":2,"featured_media":1527,"template":"","meta":{"_acf_changed":false,"advgb_blocks_editor_width":"","advgb_blocks_columns_visual_guide":""},"product_brand":[],"product_cat":[40],"product_tag":[],"class_list":{"0":"post-1279","1":"product","2":"type-product","3":"status-publish","4":"has-post-thumbnail","6":"product_cat-pralines-nl","8":"first","9":"instock","10":"shipping-taxable","11":"purchasable","12":"product-type-simple"},"acf":[],"yoast_head":"<!-- This site is optimized with the Yoast SEO plugin v27.2 - https:\/\/yoast.com\/product\/yoast-seo-wordpress\/ -->\n<title>Doos met 32 geassorteerde pralines - Bomma Flora - Artisanale chocolade<\/title>\n<meta name=\"description\" content=\"Een assortiment van 32 pralines die ganaches, pralines, karamel mengen en in hun recepten gewone en bekende planten gebruiken zoals pepermunt, dragon, frambozen, duindoornbessen, peren en andere minder bekende zoals witte honingklaver,\u00a0 mispels en citroenmelisse.\" \/>\n<meta name=\"robots\" content=\"index, follow, max-snippet:-1, max-image-preview:large, max-video-preview:-1\" \/>\n<link rel=\"canonical\" href=\"https:\/\/bommaflora.be\/nl\/produit\/assortiment-pralines-copie\/\" \/>\n<meta property=\"og:locale\" content=\"nl_NL\" \/>\n<meta property=\"og:type\" content=\"article\" \/>\n<meta property=\"og:title\" content=\"Doos met 32 geassorteerde pralines - Bomma Flora - Artisanale chocolade\" \/>\n<meta property=\"og:description\" content=\"Een assortiment van 32 pralines die ganaches, pralines, karamel mengen en in hun recepten gewone en bekende planten gebruiken zoals pepermunt, dragon, frambozen, duindoornbessen, peren en andere minder bekende zoals witte honingklaver,\u00a0 mispels en citroenmelisse.\" \/>\n<meta property=\"og:url\" content=\"https:\/\/bommaflora.be\/nl\/produit\/assortiment-pralines-copie\/\" \/>\n<meta property=\"og:site_name\" content=\"Bomma Flora - Artisanale chocolade\" \/>\n<meta property=\"article:publisher\" content=\"https:\/\/www.facebook.com\/ChocolatBommaFlora\" \/>\n<meta property=\"article:modified_time\" content=\"2026-03-26T11:40:53+00:00\" \/>\n<meta property=\"og:image\" content=\"https:\/\/bommaflora.be\/wp-content\/uploads\/2025\/09\/Coffret32p_large.jpg\" \/>\n\t<meta property=\"og:image:width\" content=\"1200\" \/>\n\t<meta property=\"og:image:height\" content=\"800\" \/>\n\t<meta property=\"og:image:type\" content=\"image\/jpeg\" \/>\n<meta name=\"twitter:card\" content=\"summary_large_image\" \/>\n<meta name=\"twitter:description\" content=\"Un ballotin constitu\u00e9 d&#039;un assortiment de 6 pralines m\u00ealant ganaches, pralin\u00e9s, caramel invitant dans leurs recettes des plantes communes et connues telles la menthe poivr\u00e9e, les framboises, les poires et d&#039;autres plus secr\u00e8tes telles les graines de berce commune (heracleum sphondylium) et d&#039;ang\u00e9lique (angelica archangelica).\" \/>\n<meta name=\"twitter:image\" content=\"https:\/\/bommaflora.be\/wp-content\/uploads\/2021\/08\/pra_groupe.jpg\" \/>\n<meta name=\"twitter:label1\" content=\"Geschatte leestijd\" \/>\n\t<meta name=\"twitter:data1\" content=\"2 minuten\" \/>\n<script type=\"application\/ld+json\" class=\"yoast-schema-graph\">{\"@context\":\"https:\/\/schema.org\",\"@graph\":[{\"@type\":\"WebPage\",\"@id\":\"https:\/\/bommaflora.be\/nl\/produit\/assortiment-pralines-copie\/\",\"url\":\"https:\/\/bommaflora.be\/nl\/produit\/assortiment-pralines-copie\/\",\"name\":\"Doos met 32 geassorteerde pralines - Bomma Flora - Artisanale chocolade\",\"isPartOf\":{\"@id\":\"https:\/\/bommaflora.be\/nl\/#website\"},\"primaryImageOfPage\":{\"@id\":\"https:\/\/bommaflora.be\/nl\/produit\/assortiment-pralines-copie\/#primaryimage\"},\"image\":{\"@id\":\"https:\/\/bommaflora.be\/nl\/produit\/assortiment-pralines-copie\/#primaryimage\"},\"thumbnailUrl\":\"https:\/\/bommaflora.be\/wp-content\/uploads\/2025\/09\/Coffret32p_large.jpg\",\"datePublished\":\"2023-12-10T21:15:56+00:00\",\"dateModified\":\"2026-03-26T11:40:53+00:00\",\"description\":\"Een assortiment van 32 pralines die ganaches, pralines, karamel mengen en in hun recepten gewone en bekende planten gebruiken zoals pepermunt, dragon, frambozen, duindoornbessen, peren en andere minder bekende zoals witte honingklaver,\u00a0 mispels en citroenmelisse.\",\"breadcrumb\":{\"@id\":\"https:\/\/bommaflora.be\/nl\/produit\/assortiment-pralines-copie\/#breadcrumb\"},\"inLanguage\":\"nl-NL\",\"potentialAction\":[{\"@type\":\"ReadAction\",\"target\":[\"https:\/\/bommaflora.be\/nl\/produit\/assortiment-pralines-copie\/\"]}]},{\"@type\":\"ImageObject\",\"inLanguage\":\"nl-NL\",\"@id\":\"https:\/\/bommaflora.be\/nl\/produit\/assortiment-pralines-copie\/#primaryimage\",\"url\":\"https:\/\/bommaflora.be\/wp-content\/uploads\/2025\/09\/Coffret32p_large.jpg\",\"contentUrl\":\"https:\/\/bommaflora.be\/wp-content\/uploads\/2025\/09\/Coffret32p_large.jpg\",\"width\":1200,\"height\":800,\"caption\":\"Coffret 32 pi\u00e8ces\"},{\"@type\":\"BreadcrumbList\",\"@id\":\"https:\/\/bommaflora.be\/nl\/produit\/assortiment-pralines-copie\/#breadcrumb\",\"itemListElement\":[{\"@type\":\"ListItem\",\"position\":1,\"name\":\"Accueil\",\"item\":\"https:\/\/bommaflora.be\/nl\/\"},{\"@type\":\"ListItem\",\"position\":2,\"name\":\"Winkel\",\"item\":\"https:\/\/bommaflora.be\/nl\/winkel\/\"},{\"@type\":\"ListItem\",\"position\":3,\"name\":\"Doos met 32 geassorteerde pralines\"}]},{\"@type\":\"WebSite\",\"@id\":\"https:\/\/bommaflora.be\/nl\/#website\",\"url\":\"https:\/\/bommaflora.be\/nl\/\",\"name\":\"Bomma Flora - Artisanale chocolade\",\"description\":\"Fabrication artisanale de chocolat et de pralines aux plantes de nos contr\u00e9es\",\"publisher\":{\"@id\":\"https:\/\/bommaflora.be\/nl\/#organization\"},\"potentialAction\":[{\"@type\":\"SearchAction\",\"target\":{\"@type\":\"EntryPoint\",\"urlTemplate\":\"https:\/\/bommaflora.be\/nl\/?s={search_term_string}\"},\"query-input\":{\"@type\":\"PropertyValueSpecification\",\"valueRequired\":true,\"valueName\":\"search_term_string\"}}],\"inLanguage\":\"nl-NL\"},{\"@type\":\"Organization\",\"@id\":\"https:\/\/bommaflora.be\/nl\/#organization\",\"name\":\"Bomma Flora\",\"url\":\"https:\/\/bommaflora.be\/nl\/\",\"logo\":{\"@type\":\"ImageObject\",\"inLanguage\":\"nl-NL\",\"@id\":\"https:\/\/bommaflora.be\/nl\/#\/schema\/logo\/image\/\",\"url\":\"https:\/\/bommaflora.be\/wp-content\/uploads\/2022\/01\/logo-bommaflora-vertical-banner.svg\",\"contentUrl\":\"https:\/\/bommaflora.be\/wp-content\/uploads\/2022\/01\/logo-bommaflora-vertical-banner.svg\",\"width\":1,\"height\":1,\"caption\":\"Bomma Flora\"},\"image\":{\"@id\":\"https:\/\/bommaflora.be\/nl\/#\/schema\/logo\/image\/\"},\"sameAs\":[\"https:\/\/www.facebook.com\/ChocolatBommaFlora\",\"https:\/\/www.instagram.com\/bommaflora\/\"]}]}<\/script>\n<!-- \/ Yoast SEO plugin. -->","yoast_head_json":{"title":"Doos met 32 geassorteerde pralines - Bomma Flora - Artisanale chocolade","description":"Een assortiment van 32 pralines die ganaches, pralines, karamel mengen en in hun recepten gewone en bekende planten gebruiken zoals pepermunt, dragon, frambozen, duindoornbessen, peren en andere minder bekende zoals witte honingklaver,\u00a0 mispels en citroenmelisse.","robots":{"index":"index","follow":"follow","max-snippet":"max-snippet:-1","max-image-preview":"max-image-preview:large","max-video-preview":"max-video-preview:-1"},"canonical":"https:\/\/bommaflora.be\/nl\/produit\/assortiment-pralines-copie\/","og_locale":"nl_NL","og_type":"article","og_title":"Doos met 32 geassorteerde pralines - Bomma Flora - Artisanale chocolade","og_description":"Een assortiment van 32 pralines die ganaches, pralines, karamel mengen en in hun recepten gewone en bekende planten gebruiken zoals pepermunt, dragon, frambozen, duindoornbessen, peren en andere minder bekende zoals witte honingklaver,\u00a0 mispels en citroenmelisse.","og_url":"https:\/\/bommaflora.be\/nl\/produit\/assortiment-pralines-copie\/","og_site_name":"Bomma Flora - Artisanale chocolade","article_publisher":"https:\/\/www.facebook.com\/ChocolatBommaFlora","article_modified_time":"2026-03-26T11:40:53+00:00","og_image":[{"width":1200,"height":800,"url":"https:\/\/bommaflora.be\/wp-content\/uploads\/2025\/09\/Coffret32p_large.jpg","type":"image\/jpeg"}],"twitter_card":"summary_large_image","twitter_description":"Un ballotin constitu\u00e9 d'un assortiment de 6 pralines m\u00ealant ganaches, pralin\u00e9s, caramel invitant dans leurs recettes des plantes communes et connues telles la menthe poivr\u00e9e, les framboises, les poires et d'autres plus secr\u00e8tes telles les graines de berce commune (heracleum sphondylium) et d'ang\u00e9lique (angelica archangelica).","twitter_image":"https:\/\/bommaflora.be\/wp-content\/uploads\/2021\/08\/pra_groupe.jpg","twitter_misc":{"Geschatte leestijd":"2 minuten"},"schema":{"@context":"https:\/\/schema.org","@graph":[{"@type":"WebPage","@id":"https:\/\/bommaflora.be\/nl\/produit\/assortiment-pralines-copie\/","url":"https:\/\/bommaflora.be\/nl\/produit\/assortiment-pralines-copie\/","name":"Doos met 32 geassorteerde pralines - Bomma Flora - Artisanale chocolade","isPartOf":{"@id":"https:\/\/bommaflora.be\/nl\/#website"},"primaryImageOfPage":{"@id":"https:\/\/bommaflora.be\/nl\/produit\/assortiment-pralines-copie\/#primaryimage"},"image":{"@id":"https:\/\/bommaflora.be\/nl\/produit\/assortiment-pralines-copie\/#primaryimage"},"thumbnailUrl":"https:\/\/bommaflora.be\/wp-content\/uploads\/2025\/09\/Coffret32p_large.jpg","datePublished":"2023-12-10T21:15:56+00:00","dateModified":"2026-03-26T11:40:53+00:00","description":"Een assortiment van 32 pralines die ganaches, pralines, karamel mengen en in hun recepten gewone en bekende planten gebruiken zoals pepermunt, dragon, frambozen, duindoornbessen, peren en andere minder bekende zoals witte honingklaver,\u00a0 mispels en citroenmelisse.","breadcrumb":{"@id":"https:\/\/bommaflora.be\/nl\/produit\/assortiment-pralines-copie\/#breadcrumb"},"inLanguage":"nl-NL","potentialAction":[{"@type":"ReadAction","target":["https:\/\/bommaflora.be\/nl\/produit\/assortiment-pralines-copie\/"]}]},{"@type":"ImageObject","inLanguage":"nl-NL","@id":"https:\/\/bommaflora.be\/nl\/produit\/assortiment-pralines-copie\/#primaryimage","url":"https:\/\/bommaflora.be\/wp-content\/uploads\/2025\/09\/Coffret32p_large.jpg","contentUrl":"https:\/\/bommaflora.be\/wp-content\/uploads\/2025\/09\/Coffret32p_large.jpg","width":1200,"height":800,"caption":"Coffret 32 pi\u00e8ces"},{"@type":"BreadcrumbList","@id":"https:\/\/bommaflora.be\/nl\/produit\/assortiment-pralines-copie\/#breadcrumb","itemListElement":[{"@type":"ListItem","position":1,"name":"Accueil","item":"https:\/\/bommaflora.be\/nl\/"},{"@type":"ListItem","position":2,"name":"Winkel","item":"https:\/\/bommaflora.be\/nl\/winkel\/"},{"@type":"ListItem","position":3,"name":"Doos met 32 geassorteerde pralines"}]},{"@type":"WebSite","@id":"https:\/\/bommaflora.be\/nl\/#website","url":"https:\/\/bommaflora.be\/nl\/","name":"Bomma Flora - Artisanale chocolade","description":"Fabrication artisanale de chocolat et de pralines aux plantes de nos contr\u00e9es","publisher":{"@id":"https:\/\/bommaflora.be\/nl\/#organization"},"potentialAction":[{"@type":"SearchAction","target":{"@type":"EntryPoint","urlTemplate":"https:\/\/bommaflora.be\/nl\/?s={search_term_string}"},"query-input":{"@type":"PropertyValueSpecification","valueRequired":true,"valueName":"search_term_string"}}],"inLanguage":"nl-NL"},{"@type":"Organization","@id":"https:\/\/bommaflora.be\/nl\/#organization","name":"Bomma Flora","url":"https:\/\/bommaflora.be\/nl\/","logo":{"@type":"ImageObject","inLanguage":"nl-NL","@id":"https:\/\/bommaflora.be\/nl\/#\/schema\/logo\/image\/","url":"https:\/\/bommaflora.be\/wp-content\/uploads\/2022\/01\/logo-bommaflora-vertical-banner.svg","contentUrl":"https:\/\/bommaflora.be\/wp-content\/uploads\/2022\/01\/logo-bommaflora-vertical-banner.svg","width":1,"height":1,"caption":"Bomma Flora"},"image":{"@id":"https:\/\/bommaflora.be\/nl\/#\/schema\/logo\/image\/"},"sameAs":["https:\/\/www.facebook.com\/ChocolatBommaFlora","https:\/\/www.instagram.com\/bommaflora\/"]}]}},"featured_img":"https:\/\/bommaflora.be\/wp-content\/uploads\/2025\/09\/Coffret32p_large.jpg","coauthors":[],"author_meta":{"author_link":"https:\/\/bommaflora.be\/nl\/author\/adminbomma\/","display_name":"Alain Coppens"},"relative_dates":{"created":"Posted 2 jaar ago","modified":"Updated 2 maanden ago"},"absolute_dates":{"created":"Posted on 10 december 2023","modified":"Updated on 26 maart 2026"},"absolute_dates_time":{"created":"Posted on 10 december 2023 21:15","modified":"Updated on 26 maart 2026 11:40"},"featured_img_caption":"Coffret 32 pi\u00e8ces","tax_additional":{"product_brand":{"linked":[],"unlinked":[],"slug":"product_brand","name":"Merken"},"product_type":{"linked":["<a href=\"https:\/\/bommaflora.be\/nl\/?taxonomy=product_type&#038;term=simple\" class=\"advgb-post-tax-term\">simple<\/a>"],"unlinked":["<span class=\"advgb-post-tax-term\">simple<\/span>"],"slug":"product_type","name":"Producttype"},"product_visibility":{"linked":[],"unlinked":[],"slug":"product_visibility","name":"Producterkenning"},"product_cat":{"linked":["<a href=\"https:\/\/bommaflora.be\/nl\/categorie-produit\/pralines-nl\/\" class=\"advgb-post-tax-term\">Pralines<\/a>"],"unlinked":["<span class=\"advgb-post-tax-term\">Pralines<\/span>"],"slug":"product_cat","name":"Productcategorie\u00ebn"},"product_tag":{"linked":[],"unlinked":[],"slug":"product_tag","name":"Producttags"},"product_shipping_class":{"linked":[],"unlinked":[],"slug":"product_shipping_class","name":"Product verzendklassen"},"pos_product_visibility":{"linked":[],"unlinked":[],"slug":"pos_product_visibility","name":"Producterkenning POS"},"pa_allergenes":{"linked":["<a href=\"https:\/\/bommaflora.be\/nl\/?taxonomy=pa_allergenes&#038;term=bevat-lactose\" class=\"advgb-post-tax-term\">Bevat lactose<\/a>","<a href=\"https:\/\/bommaflora.be\/nl\/?taxonomy=pa_allergenes&#038;term=bevat-noten\" class=\"advgb-post-tax-term\">Bevat noten<\/a>","<a href=\"https:\/\/bommaflora.be\/nl\/?taxonomy=pa_allergenes&#038;term=glutenvrij\" class=\"advgb-post-tax-term\">Glutenvrij<\/a>"],"unlinked":["<span class=\"advgb-post-tax-term\">Bevat lactose<\/span>","<span class=\"advgb-post-tax-term\">Bevat noten<\/span>","<span class=\"advgb-post-tax-term\">Glutenvrij<\/span>"],"slug":"pa_allergenes","name":"Product Allerg\u00e8nes"},"pa_conditionnement":{"linked":["<a href=\"https:\/\/bommaflora.be\/nl\/?taxonomy=pa_conditionnement&#038;term=pralines-bewaren\" class=\"advgb-post-tax-term\">Droog en koel (18-20 \u00b0C) bewaren en tegen licht beschermen. Vermijd opslag in de koelkast.<\/a>"],"unlinked":["<span class=\"advgb-post-tax-term\">Droog en koel (18-20 \u00b0C) bewaren en tegen licht beschermen. Vermijd opslag in de koelkast.<\/span>"],"slug":"pa_conditionnement","name":"Product Conditionnement"},"translation_priority":{"linked":["<a href=\"https:\/\/bommaflora.be\/nl\/?taxonomy=translation_priority&#038;term=optioneel\" class=\"advgb-post-tax-term\">Optioneel<\/a>"],"unlinked":["<span class=\"advgb-post-tax-term\">Optioneel<\/span>"],"slug":"translation_priority","name":"Vertaalprioriteiten"}},"series_order":"","_links":{"self":[{"href":"https:\/\/bommaflora.be\/nl\/wp-json\/wp\/v2\/product\/1279","targetHints":{"allow":["GET"]}}],"collection":[{"href":"https:\/\/bommaflora.be\/nl\/wp-json\/wp\/v2\/product"}],"about":[{"href":"https:\/\/bommaflora.be\/nl\/wp-json\/wp\/v2\/types\/product"}],"wp:featuredmedia":[{"embeddable":true,"href":"https:\/\/bommaflora.be\/nl\/wp-json\/wp\/v2\/media\/1527"}],"wp:attachment":[{"href":"https:\/\/bommaflora.be\/nl\/wp-json\/wp\/v2\/media?parent=1279"}],"wp:term":[{"taxonomy":"product_brand","embeddable":true,"href":"https:\/\/bommaflora.be\/nl\/wp-json\/wp\/v2\/product_brand?post=1279"},{"taxonomy":"product_cat","embeddable":true,"href":"https:\/\/bommaflora.be\/nl\/wp-json\/wp\/v2\/product_cat?post=1279"},{"taxonomy":"product_tag","embeddable":true,"href":"https:\/\/bommaflora.be\/nl\/wp-json\/wp\/v2\/product_tag?post=1279"}],"curies":[{"name":"wp","href":"https:\/\/api.w.org\/{rel}","templated":true}]}}