{"id":358,"date":"2021-12-16T21:37:19","date_gmt":"2021-12-16T21:37:19","guid":{"rendered":"https:\/\/bommaflora.be\/?post_type=product&#038;p=358"},"modified":"2022-01-18T18:22:51","modified_gmt":"2022-01-18T18:22:51","slug":"vvaya-70-moerasspirea","status":"publish","type":"product","link":"https:\/\/bommaflora.be\/nl\/produit\/vvaya-70-moerasspirea\/","title":{"rendered":"V&#8217;vaya 70% &#8211; ge\u00efnfuseerd met moerasspirea"},"content":{"rendered":"<p>De repen worden gemaakt van bonen, cacaoboter, suiker en, voor melkchocolade, melkpoeder. De ge\u00efnfuseerde repen hebben de bijzonderheid dat hun cacao is ge\u00efnfuseerd met kruiden of aromatische zaden. Deze V&#8217;vaya-reep is ge\u00efnfuseerd met moerasspirea met zijn zeer herkenbare smaak en verrijkt met geroosterde hazelnoten, veenbessen en bosbessenbloemen. V&#8217;vaya cacao, geproduceerd in Nicaragua door kleine boeren langs de Rio Las Bayas, heeft een intens chocoladeprofiel met sterke tannines en fruitige tonen van kersen, bosbessen en sinaasappel. Hints van kruiden en specerijen verrijken het aromatische profiel.<\/p>\n<p>Moerasspirea (Filipendula Ulmaria) is zeer aromatisch en wordt al lang gebruikt om wijnen, honingdranken, bieren en kruidenthee te verfijnen. Er wordt ook gezegd dat het geneeskrachtige eigenschappen heeft: het verlicht koorts, gewrichtspijn en spasmen en niet voor niets bevat het een voorloper van aspirine.<\/p>\n<p>De biologische cacao van V&#8217;vaya is gecertificeerd in het kader van het programma SPP \u2013 Label Kleine Producenten, een fair trade-label dat de producenten in het middelpunt van de organisatie plaatst.<\/p>\n<div id=\"ConnectiveDocSignExtentionInstalled\" data-extension-version=\"1.0.4\"><\/div>\n","protected":false},"excerpt":{"rendered":"<p>Infused bars hebben de bijzonderheid dat hun cacao is ge\u00efnfuseerd met kruiden of aromatische zaden. Deze V&#8217;vaya-reep is ge\u00efnfuseerd met moerasspirea met zijn zeer herkenbare smaak en verrijkt met geroosterde hazelnoten, veenbessen en korenbloemblaadjes.<\/p>\n<div id=\"ConnectiveDocSignExtentionInstalled\" data-extension-version=\"1.0.4\"><\/div>\n","protected":false},"author":1,"featured_media":1240,"template":"","meta":{"_acf_changed":false,"advgb_blocks_editor_width":"","advgb_blocks_columns_visual_guide":""},"product_brand":[],"product_cat":[48],"product_tag":[],"class_list":{"0":"post-358","1":"product","2":"type-product","3":"status-publish","4":"has-post-thumbnail","6":"product_cat-tabletten","8":"first","9":"instock","10":"shipping-taxable","11":"purchasable","12":"product-type-simple"},"acf":[],"yoast_head":"<!-- This site is optimized with the Yoast SEO plugin v27.2 - https:\/\/yoast.com\/product\/yoast-seo-wordpress\/ -->\n<title>V&#039;vaya 70% - ge\u00efnfuseerd met moerasspirea - Bomma Flora - Artisanale chocolade<\/title>\n<meta name=\"description\" content=\"Deze V&#039;vaya reep is ge\u00efnfuseerd met moerasspirea en verrijkt met geroosterde hazelnoten, veenbessen en korenbloemblaadjes.\" \/>\n<meta name=\"robots\" content=\"index, follow, max-snippet:-1, max-image-preview:large, max-video-preview:-1\" \/>\n<link rel=\"canonical\" href=\"https:\/\/bommaflora.be\/nl\/produit\/vvaya-70-moerasspirea\/\" \/>\n<meta property=\"og:locale\" content=\"nl_NL\" \/>\n<meta property=\"og:type\" content=\"article\" \/>\n<meta property=\"og:title\" content=\"V&#039;vaya 70% - ge\u00efnfuseerd met moerasspirea - Bomma Flora - Artisanale chocolade\" \/>\n<meta property=\"og:description\" content=\"Deze V&#039;vaya reep is ge\u00efnfuseerd met moerasspirea en verrijkt met geroosterde hazelnoten, veenbessen en korenbloemblaadjes.\" \/>\n<meta property=\"og:url\" content=\"https:\/\/bommaflora.be\/nl\/produit\/vvaya-70-moerasspirea\/\" \/>\n<meta property=\"og:site_name\" content=\"Bomma Flora - Artisanale chocolade\" \/>\n<meta property=\"article:publisher\" content=\"https:\/\/www.facebook.com\/ChocolatBommaFlora\" \/>\n<meta property=\"article:modified_time\" content=\"2022-01-18T18:22:51+00:00\" \/>\n<meta property=\"og:image\" content=\"https:\/\/bommaflora.be\/wp-content\/uploads\/2023\/08\/reine-1.png\" \/>\n\t<meta property=\"og:image:width\" content=\"1360\" \/>\n\t<meta property=\"og:image:height\" content=\"1100\" \/>\n\t<meta property=\"og:image:type\" content=\"image\/png\" \/>\n<meta name=\"twitter:card\" content=\"summary_large_image\" \/>\n<meta name=\"twitter:label1\" content=\"Geschatte leestijd\" \/>\n\t<meta name=\"twitter:data1\" content=\"1 minuut\" \/>\n<script type=\"application\/ld+json\" class=\"yoast-schema-graph\">{\"@context\":\"https:\/\/schema.org\",\"@graph\":[{\"@type\":\"WebPage\",\"@id\":\"https:\/\/bommaflora.be\/nl\/produit\/vvaya-70-moerasspirea\/\",\"url\":\"https:\/\/bommaflora.be\/nl\/produit\/vvaya-70-moerasspirea\/\",\"name\":\"V'vaya 70% - ge\u00efnfuseerd met moerasspirea - Bomma Flora - Artisanale chocolade\",\"isPartOf\":{\"@id\":\"https:\/\/bommaflora.be\/nl\/#website\"},\"primaryImageOfPage\":{\"@id\":\"https:\/\/bommaflora.be\/nl\/produit\/vvaya-70-moerasspirea\/#primaryimage\"},\"image\":{\"@id\":\"https:\/\/bommaflora.be\/nl\/produit\/vvaya-70-moerasspirea\/#primaryimage\"},\"thumbnailUrl\":\"https:\/\/bommaflora.be\/wp-content\/uploads\/2023\/08\/reine-1.png\",\"datePublished\":\"2021-12-16T21:37:19+00:00\",\"dateModified\":\"2022-01-18T18:22:51+00:00\",\"description\":\"Deze V'vaya reep is ge\u00efnfuseerd met moerasspirea en verrijkt met geroosterde hazelnoten, veenbessen en korenbloemblaadjes.\",\"breadcrumb\":{\"@id\":\"https:\/\/bommaflora.be\/nl\/produit\/vvaya-70-moerasspirea\/#breadcrumb\"},\"inLanguage\":\"nl-NL\",\"potentialAction\":[{\"@type\":\"ReadAction\",\"target\":[\"https:\/\/bommaflora.be\/nl\/produit\/vvaya-70-moerasspirea\/\"]}]},{\"@type\":\"ImageObject\",\"inLanguage\":\"nl-NL\",\"@id\":\"https:\/\/bommaflora.be\/nl\/produit\/vvaya-70-moerasspirea\/#primaryimage\",\"url\":\"https:\/\/bommaflora.be\/wp-content\/uploads\/2023\/08\/reine-1.png\",\"contentUrl\":\"https:\/\/bommaflora.be\/wp-content\/uploads\/2023\/08\/reine-1.png\",\"width\":1360,\"height\":1100,\"caption\":\"V\u2019vaya 70% infus\u00e9 \u00e0 la reine des pr\u00e9s\"},{\"@type\":\"BreadcrumbList\",\"@id\":\"https:\/\/bommaflora.be\/nl\/produit\/vvaya-70-moerasspirea\/#breadcrumb\",\"itemListElement\":[{\"@type\":\"ListItem\",\"position\":1,\"name\":\"Accueil\",\"item\":\"https:\/\/bommaflora.be\/nl\/\"},{\"@type\":\"ListItem\",\"position\":2,\"name\":\"Winkel\",\"item\":\"https:\/\/bommaflora.be\/nl\/winkel\/\"},{\"@type\":\"ListItem\",\"position\":3,\"name\":\"V&rsquo;vaya 70% &#8211; ge\u00efnfuseerd met moerasspirea\"}]},{\"@type\":\"WebSite\",\"@id\":\"https:\/\/bommaflora.be\/nl\/#website\",\"url\":\"https:\/\/bommaflora.be\/nl\/\",\"name\":\"Bomma Flora - Artisanale chocolade\",\"description\":\"Fabrication artisanale de chocolat et de pralines aux plantes de nos contr\u00e9es\",\"publisher\":{\"@id\":\"https:\/\/bommaflora.be\/nl\/#organization\"},\"potentialAction\":[{\"@type\":\"SearchAction\",\"target\":{\"@type\":\"EntryPoint\",\"urlTemplate\":\"https:\/\/bommaflora.be\/nl\/?s={search_term_string}\"},\"query-input\":{\"@type\":\"PropertyValueSpecification\",\"valueRequired\":true,\"valueName\":\"search_term_string\"}}],\"inLanguage\":\"nl-NL\"},{\"@type\":\"Organization\",\"@id\":\"https:\/\/bommaflora.be\/nl\/#organization\",\"name\":\"Bomma Flora\",\"url\":\"https:\/\/bommaflora.be\/nl\/\",\"logo\":{\"@type\":\"ImageObject\",\"inLanguage\":\"nl-NL\",\"@id\":\"https:\/\/bommaflora.be\/nl\/#\/schema\/logo\/image\/\",\"url\":\"https:\/\/bommaflora.be\/wp-content\/uploads\/2022\/01\/logo-bommaflora-vertical-banner.svg\",\"contentUrl\":\"https:\/\/bommaflora.be\/wp-content\/uploads\/2022\/01\/logo-bommaflora-vertical-banner.svg\",\"width\":1,\"height\":1,\"caption\":\"Bomma Flora\"},\"image\":{\"@id\":\"https:\/\/bommaflora.be\/nl\/#\/schema\/logo\/image\/\"},\"sameAs\":[\"https:\/\/www.facebook.com\/ChocolatBommaFlora\",\"https:\/\/www.instagram.com\/bommaflora\/\"]}]}<\/script>\n<!-- \/ Yoast SEO plugin. -->","yoast_head_json":{"title":"V'vaya 70% - ge\u00efnfuseerd met moerasspirea - Bomma Flora - Artisanale chocolade","description":"Deze V'vaya reep is ge\u00efnfuseerd met moerasspirea en verrijkt met geroosterde hazelnoten, veenbessen en korenbloemblaadjes.","robots":{"index":"index","follow":"follow","max-snippet":"max-snippet:-1","max-image-preview":"max-image-preview:large","max-video-preview":"max-video-preview:-1"},"canonical":"https:\/\/bommaflora.be\/nl\/produit\/vvaya-70-moerasspirea\/","og_locale":"nl_NL","og_type":"article","og_title":"V'vaya 70% - ge\u00efnfuseerd met moerasspirea - Bomma Flora - Artisanale chocolade","og_description":"Deze V'vaya reep is ge\u00efnfuseerd met moerasspirea en verrijkt met geroosterde hazelnoten, veenbessen en korenbloemblaadjes.","og_url":"https:\/\/bommaflora.be\/nl\/produit\/vvaya-70-moerasspirea\/","og_site_name":"Bomma Flora - Artisanale chocolade","article_publisher":"https:\/\/www.facebook.com\/ChocolatBommaFlora","article_modified_time":"2022-01-18T18:22:51+00:00","og_image":[{"width":1360,"height":1100,"url":"https:\/\/bommaflora.be\/wp-content\/uploads\/2023\/08\/reine-1.png","type":"image\/png"}],"twitter_card":"summary_large_image","twitter_misc":{"Geschatte leestijd":"1 minuut"},"schema":{"@context":"https:\/\/schema.org","@graph":[{"@type":"WebPage","@id":"https:\/\/bommaflora.be\/nl\/produit\/vvaya-70-moerasspirea\/","url":"https:\/\/bommaflora.be\/nl\/produit\/vvaya-70-moerasspirea\/","name":"V'vaya 70% - ge\u00efnfuseerd met moerasspirea - Bomma Flora - Artisanale chocolade","isPartOf":{"@id":"https:\/\/bommaflora.be\/nl\/#website"},"primaryImageOfPage":{"@id":"https:\/\/bommaflora.be\/nl\/produit\/vvaya-70-moerasspirea\/#primaryimage"},"image":{"@id":"https:\/\/bommaflora.be\/nl\/produit\/vvaya-70-moerasspirea\/#primaryimage"},"thumbnailUrl":"https:\/\/bommaflora.be\/wp-content\/uploads\/2023\/08\/reine-1.png","datePublished":"2021-12-16T21:37:19+00:00","dateModified":"2022-01-18T18:22:51+00:00","description":"Deze V'vaya reep is ge\u00efnfuseerd met moerasspirea en verrijkt met geroosterde hazelnoten, veenbessen en korenbloemblaadjes.","breadcrumb":{"@id":"https:\/\/bommaflora.be\/nl\/produit\/vvaya-70-moerasspirea\/#breadcrumb"},"inLanguage":"nl-NL","potentialAction":[{"@type":"ReadAction","target":["https:\/\/bommaflora.be\/nl\/produit\/vvaya-70-moerasspirea\/"]}]},{"@type":"ImageObject","inLanguage":"nl-NL","@id":"https:\/\/bommaflora.be\/nl\/produit\/vvaya-70-moerasspirea\/#primaryimage","url":"https:\/\/bommaflora.be\/wp-content\/uploads\/2023\/08\/reine-1.png","contentUrl":"https:\/\/bommaflora.be\/wp-content\/uploads\/2023\/08\/reine-1.png","width":1360,"height":1100,"caption":"V\u2019vaya 70% infus\u00e9 \u00e0 la reine des pr\u00e9s"},{"@type":"BreadcrumbList","@id":"https:\/\/bommaflora.be\/nl\/produit\/vvaya-70-moerasspirea\/#breadcrumb","itemListElement":[{"@type":"ListItem","position":1,"name":"Accueil","item":"https:\/\/bommaflora.be\/nl\/"},{"@type":"ListItem","position":2,"name":"Winkel","item":"https:\/\/bommaflora.be\/nl\/winkel\/"},{"@type":"ListItem","position":3,"name":"V&rsquo;vaya 70% &#8211; ge\u00efnfuseerd met moerasspirea"}]},{"@type":"WebSite","@id":"https:\/\/bommaflora.be\/nl\/#website","url":"https:\/\/bommaflora.be\/nl\/","name":"Bomma Flora - Artisanale chocolade","description":"Fabrication artisanale de chocolat et de pralines aux plantes de nos contr\u00e9es","publisher":{"@id":"https:\/\/bommaflora.be\/nl\/#organization"},"potentialAction":[{"@type":"SearchAction","target":{"@type":"EntryPoint","urlTemplate":"https:\/\/bommaflora.be\/nl\/?s={search_term_string}"},"query-input":{"@type":"PropertyValueSpecification","valueRequired":true,"valueName":"search_term_string"}}],"inLanguage":"nl-NL"},{"@type":"Organization","@id":"https:\/\/bommaflora.be\/nl\/#organization","name":"Bomma Flora","url":"https:\/\/bommaflora.be\/nl\/","logo":{"@type":"ImageObject","inLanguage":"nl-NL","@id":"https:\/\/bommaflora.be\/nl\/#\/schema\/logo\/image\/","url":"https:\/\/bommaflora.be\/wp-content\/uploads\/2022\/01\/logo-bommaflora-vertical-banner.svg","contentUrl":"https:\/\/bommaflora.be\/wp-content\/uploads\/2022\/01\/logo-bommaflora-vertical-banner.svg","width":1,"height":1,"caption":"Bomma Flora"},"image":{"@id":"https:\/\/bommaflora.be\/nl\/#\/schema\/logo\/image\/"},"sameAs":["https:\/\/www.facebook.com\/ChocolatBommaFlora","https:\/\/www.instagram.com\/bommaflora\/"]}]}},"featured_img":"https:\/\/bommaflora.be\/wp-content\/uploads\/2023\/08\/reine-1.png","coauthors":[],"author_meta":{"author_link":"https:\/\/bommaflora.be\/nl\/author\/admin\/","display_name":"admin"},"relative_dates":{"created":"Posted 4 jaar ago","modified":"Updated 4 jaar ago"},"absolute_dates":{"created":"Posted on 16 december 2021","modified":"Updated on 18 januari 2022"},"absolute_dates_time":{"created":"Posted on 16 december 2021 21:37","modified":"Updated on 18 januari 2022 18:22"},"featured_img_caption":"V\u2019vaya 70% infus\u00e9 \u00e0 la reine des pr\u00e9s","tax_additional":{"product_brand":{"linked":[],"unlinked":[],"slug":"product_brand","name":"Merken"},"product_type":{"linked":["<a href=\"https:\/\/bommaflora.be\/nl\/?taxonomy=product_type&#038;term=simple\" class=\"advgb-post-tax-term\">simple<\/a>"],"unlinked":["<span class=\"advgb-post-tax-term\">simple<\/span>"],"slug":"product_type","name":"Producttype"},"product_visibility":{"linked":[],"unlinked":[],"slug":"product_visibility","name":"Producterkenning"},"product_cat":{"linked":["<a href=\"https:\/\/bommaflora.be\/nl\/categorie-produit\/tabletten\/\" class=\"advgb-post-tax-term\">Tabletten<\/a>"],"unlinked":["<span class=\"advgb-post-tax-term\">Tabletten<\/span>"],"slug":"product_cat","name":"Productcategorie\u00ebn"},"product_tag":{"linked":[],"unlinked":[],"slug":"product_tag","name":"Producttags"},"product_shipping_class":{"linked":[],"unlinked":[],"slug":"product_shipping_class","name":"Product verzendklassen"},"pos_product_visibility":{"linked":[],"unlinked":[],"slug":"pos_product_visibility","name":"Producterkenning POS"},"pa_allergenes":{"linked":["<a href=\"https:\/\/bommaflora.be\/nl\/?taxonomy=pa_allergenes&#038;term=bevat-noten\" class=\"advgb-post-tax-term\">Bevat noten<\/a>","<a href=\"https:\/\/bommaflora.be\/nl\/?taxonomy=pa_allergenes&#038;term=glutenvrij\" class=\"advgb-post-tax-term\">Glutenvrij<\/a>","<a href=\"https:\/\/bommaflora.be\/nl\/?taxonomy=pa_allergenes&#038;term=sporen-lactose\" class=\"advgb-post-tax-term\">Kan sporen van lactose bevatten<\/a>"],"unlinked":["<span class=\"advgb-post-tax-term\">Bevat noten<\/span>","<span class=\"advgb-post-tax-term\">Glutenvrij<\/span>","<span class=\"advgb-post-tax-term\">Kan sporen van lactose bevatten<\/span>"],"slug":"pa_allergenes","name":"Product Allerg\u00e8nes"},"pa_conditionnement":{"linked":["<a href=\"https:\/\/bommaflora.be\/nl\/?taxonomy=pa_conditionnement&#038;term=tablet-70g\" class=\"advgb-post-tax-term\">Twee tabletten van 35g (Totaal 70g)<\/a>","<a href=\"https:\/\/bommaflora.be\/nl\/?taxonomy=pa_conditionnement&#038;term=droog-en-koel-18-20-c-bewaren-en-tegen-licht-beschermen-vermijd-opslag-in-de-koelkast\" class=\"advgb-post-tax-term\">Droog en koel (18-20 \u00b0C) bewaren en tegen licht beschermen. Vermijd opslag in de koelkast.<\/a>"],"unlinked":["<span class=\"advgb-post-tax-term\">Twee tabletten van 35g (Totaal 70g)<\/span>","<span class=\"advgb-post-tax-term\">Droog en koel (18-20 \u00b0C) bewaren en tegen licht beschermen. Vermijd opslag in de koelkast.<\/span>"],"slug":"pa_conditionnement","name":"Product Conditionnement"},"translation_priority":{"linked":["<a href=\"https:\/\/bommaflora.be\/nl\/?taxonomy=translation_priority&#038;term=optioneel\" class=\"advgb-post-tax-term\">Optioneel<\/a>"],"unlinked":["<span class=\"advgb-post-tax-term\">Optioneel<\/span>"],"slug":"translation_priority","name":"Vertaalprioriteiten"}},"series_order":"","_links":{"self":[{"href":"https:\/\/bommaflora.be\/nl\/wp-json\/wp\/v2\/product\/358","targetHints":{"allow":["GET"]}}],"collection":[{"href":"https:\/\/bommaflora.be\/nl\/wp-json\/wp\/v2\/product"}],"about":[{"href":"https:\/\/bommaflora.be\/nl\/wp-json\/wp\/v2\/types\/product"}],"wp:featuredmedia":[{"embeddable":true,"href":"https:\/\/bommaflora.be\/nl\/wp-json\/wp\/v2\/media\/1240"}],"wp:attachment":[{"href":"https:\/\/bommaflora.be\/nl\/wp-json\/wp\/v2\/media?parent=358"}],"wp:term":[{"taxonomy":"product_brand","embeddable":true,"href":"https:\/\/bommaflora.be\/nl\/wp-json\/wp\/v2\/product_brand?post=358"},{"taxonomy":"product_cat","embeddable":true,"href":"https:\/\/bommaflora.be\/nl\/wp-json\/wp\/v2\/product_cat?post=358"},{"taxonomy":"product_tag","embeddable":true,"href":"https:\/\/bommaflora.be\/nl\/wp-json\/wp\/v2\/product_tag?post=358"}],"curies":[{"name":"wp","href":"https:\/\/api.w.org\/{rel}","templated":true}]}}